{"id":315,"date":"2020-11-25T10:16:34","date_gmt":"2020-11-25T09:16:34","guid":{"rendered":"http:\/\/bcit.cyon.site\/home\/"},"modified":"2022-11-23T20:22:11","modified_gmt":"2022-11-23T19:22:11","slug":"home","status":"publish","type":"page","link":"https:\/\/bc-it.ch\/fr\/","title":{"rendered":"Accueil"},"content":{"rendered":"","protected":false},"excerpt":{"rendered":"<p> [&#8230;]<\/p>\n<p><a class=\"btn btn-secondary bcit-read-more-link\" href=\"https:\/\/bc-it.ch\/fr\/\">Lire la suite&#8230;<\/a><\/p>\n","protected":false},"author":1,"featured_media":0,"parent":0,"menu_order":0,"comment_status":"closed","ping_status":"closed","template":"page-templates\/page-home.php","meta":{"footnotes":""},"yoast_head":"<!-- This site is optimized with the Yoast SEO plugin v19.9 - https:\/\/yoast.com\/wordpress\/plugins\/seo\/ -->\n<title>Service de Comptabilit\u00e9 - D\u00e9claration d\u2019imp\u00f4ts B\u00e2le<\/title>\n<meta name=\"description\" content=\"BC IT AG est votre partenaire pour les services fiduciaires, les imp\u00f4ts et le conseil. Qualit\u00e9, engagement personnel et services adapt\u00e9s \u00e0 votre entreprise sont notre credo.\" \/>\n<meta name=\"robots\" content=\"index, follow, max-snippet:-1, max-image-preview:large, max-video-preview:-1\" \/>\n<link rel=\"canonical\" href=\"https:\/\/bc-it.ch\/fr\/\" \/>\n<meta property=\"og:locale\" content=\"fr_FR\" \/>\n<meta property=\"og:type\" content=\"article\" \/>\n<meta property=\"og:title\" content=\"Service de Comptabilit\u00e9 - D\u00e9claration d\u2019imp\u00f4ts B\u00e2le\" \/>\n<meta property=\"og:description\" content=\"BC IT AG est votre partenaire pour les services fiduciaires, les imp\u00f4ts et le conseil. Qualit\u00e9, engagement personnel et services adapt\u00e9s \u00e0 votre entreprise sont notre credo.\" \/>\n<meta property=\"og:url\" content=\"https:\/\/bc-it.ch\/fr\/\" \/>\n<meta property=\"og:site_name\" content=\"BC IT AG\" \/>\n<meta property=\"article:modified_time\" content=\"2022-11-23T19:22:11+00:00\" \/>\n<meta name=\"twitter:card\" content=\"summary_large_image\" \/>\n<script type=\"application\/ld+json\" class=\"yoast-schema-graph\">{\"@context\":\"https:\/\/schema.org\",\"@graph\":[{\"@type\":\"WebPage\",\"@id\":\"https:\/\/bc-it.ch\/fr\/\",\"url\":\"https:\/\/bc-it.ch\/fr\/\",\"name\":\"Service de Comptabilit\u00e9 - D\u00e9claration d\u2019imp\u00f4ts B\u00e2le\",\"isPartOf\":{\"@id\":\"https:\/\/bc-it.ch\/en\/#website\"},\"datePublished\":\"2020-11-25T09:16:34+00:00\",\"dateModified\":\"2022-11-23T19:22:11+00:00\",\"description\":\"BC IT AG est votre partenaire pour les services fiduciaires, les imp\u00f4ts et le conseil. Qualit\u00e9, engagement personnel et services adapt\u00e9s \u00e0 votre entreprise sont notre credo.\",\"inLanguage\":\"fr-FR\",\"potentialAction\":[{\"@type\":\"ReadAction\",\"target\":[\"https:\/\/bc-it.ch\/fr\/\"]}]},{\"@type\":\"WebSite\",\"@id\":\"https:\/\/bc-it.ch\/en\/#website\",\"url\":\"https:\/\/bc-it.ch\/en\/\",\"name\":\"BC IT AG\",\"description\":\"Finanz-Beratung\",\"potentialAction\":[{\"@type\":\"SearchAction\",\"target\":{\"@type\":\"EntryPoint\",\"urlTemplate\":\"https:\/\/bc-it.ch\/en\/?s={search_term_string}\"},\"query-input\":\"required name=search_term_string\"}],\"inLanguage\":\"fr-FR\"}]}<\/script>\n<!-- \/ Yoast SEO plugin. -->","yoast_head_json":{"title":"Service de Comptabilit\u00e9 - D\u00e9claration d\u2019imp\u00f4ts B\u00e2le","description":"BC IT AG est votre partenaire pour les services fiduciaires, les imp\u00f4ts et le conseil. Qualit\u00e9, engagement personnel et services adapt\u00e9s \u00e0 votre entreprise sont notre credo.","robots":{"index":"index","follow":"follow","max-snippet":"max-snippet:-1","max-image-preview":"max-image-preview:large","max-video-preview":"max-video-preview:-1"},"canonical":"https:\/\/bc-it.ch\/fr\/","og_locale":"fr_FR","og_type":"article","og_title":"Service de Comptabilit\u00e9 - D\u00e9claration d\u2019imp\u00f4ts B\u00e2le","og_description":"BC IT AG est votre partenaire pour les services fiduciaires, les imp\u00f4ts et le conseil. Qualit\u00e9, engagement personnel et services adapt\u00e9s \u00e0 votre entreprise sont notre credo.","og_url":"https:\/\/bc-it.ch\/fr\/","og_site_name":"BC IT AG","article_modified_time":"2022-11-23T19:22:11+00:00","twitter_card":"summary_large_image","schema":{"@context":"https:\/\/schema.org","@graph":[{"@type":"WebPage","@id":"https:\/\/bc-it.ch\/fr\/","url":"https:\/\/bc-it.ch\/fr\/","name":"Service de Comptabilit\u00e9 - D\u00e9claration d\u2019imp\u00f4ts B\u00e2le","isPartOf":{"@id":"https:\/\/bc-it.ch\/en\/#website"},"datePublished":"2020-11-25T09:16:34+00:00","dateModified":"2022-11-23T19:22:11+00:00","description":"BC IT AG est votre partenaire pour les services fiduciaires, les imp\u00f4ts et le conseil. Qualit\u00e9, engagement personnel et services adapt\u00e9s \u00e0 votre entreprise sont notre credo.","inLanguage":"fr-FR","potentialAction":[{"@type":"ReadAction","target":["https:\/\/bc-it.ch\/fr\/"]}]},{"@type":"WebSite","@id":"https:\/\/bc-it.ch\/en\/#website","url":"https:\/\/bc-it.ch\/en\/","name":"BC IT AG","description":"Finanz-Beratung","potentialAction":[{"@type":"SearchAction","target":{"@type":"EntryPoint","urlTemplate":"https:\/\/bc-it.ch\/en\/?s={search_term_string}"},"query-input":"required name=search_term_string"}],"inLanguage":"fr-FR"}]}},"_links":{"self":[{"href":"https:\/\/bc-it.ch\/fr\/wp-json\/wp\/v2\/pages\/315"}],"collection":[{"href":"https:\/\/bc-it.ch\/fr\/wp-json\/wp\/v2\/pages"}],"about":[{"href":"https:\/\/bc-it.ch\/fr\/wp-json\/wp\/v2\/types\/page"}],"author":[{"embeddable":true,"href":"https:\/\/bc-it.ch\/fr\/wp-json\/wp\/v2\/users\/1"}],"replies":[{"embeddable":true,"href":"https:\/\/bc-it.ch\/fr\/wp-json\/wp\/v2\/comments?post=315"}],"version-history":[{"count":4,"href":"https:\/\/bc-it.ch\/fr\/wp-json\/wp\/v2\/pages\/315\/revisions"}],"predecessor-version":[{"id":752,"href":"https:\/\/bc-it.ch\/fr\/wp-json\/wp\/v2\/pages\/315\/revisions\/752"}],"wp:attachment":[{"href":"https:\/\/bc-it.ch\/fr\/wp-json\/wp\/v2\/media?parent=315"}],"curies":[{"name":"wp","href":"https:\/\/api.w.org\/{rel}","templated":true}]}}