{"id":377,"date":"2021-01-28T10:12:27","date_gmt":"2021-01-28T09:12:27","guid":{"rendered":"http:\/\/bcit.cyon.site\/geschaeftskunden\/"},"modified":"2021-04-07T19:10:15","modified_gmt":"2021-04-07T17:10:15","slug":"clientele-daffaires","status":"publish","type":"page","link":"https:\/\/bc-it.ch\/fr\/clientele-daffaires\/","title":{"rendered":"Client\u00e8le d\u2019affaires"},"content":{"rendered":"<h3>Nous g\u00e9n\u00e9rons pour vous une plus-value sur du long terme.<\/h3>\n<p>BC-IT AG a une longue exp\u00e9rience dans l\u2019accompagnement de petites et moyennes entreprises, d\u2019organismes et du secteur public.<\/p>\n<p>Nous vous conseillons sur des questions d\u2019ordre fiduciaire ou \u00e9conomique, vous soutenons avec notre prestation de service qualifi\u00e9e et vous accompagnons dans diff\u00e9rentes \u00e9tapes du processus de d\u00e9veloppement.<br \/>\nNos comp\u00e9tences reposent sur des exp\u00e9riences personnelles, de nombreuses ann\u00e9es de pratique et une solide expertise.<\/p>\n<p>Il vous manque un savoir-faire en interne, la capacit\u00e9 ou l\u2019instrument de travail n\u00e9cessaire ? Vous aimeriez avoir \u00e0 vos c\u00f4t\u00e9s un expert, qui vous conseille et vous soutienne ? Ou avez-vous comme projet d\u2019externaliser des processus standardis\u00e9s ?<\/p>\n<p>Contactez-nous. Nous serons ravis de convenir avec vous d\u2019un premier entretien.<\/p>\n","protected":false},"excerpt":{"rendered":"<p>Nous g\u00e9n\u00e9rons pour vous une plus-value sur du long terme. BC-IT AG a une longue exp\u00e9rience dans l\u2019accompagnement de petites et moyennes entreprises, d\u2019organismes et du secteur public. Nous vous conseillons sur des questions d\u2019ordre fiduciaire ou \u00e9conomique, vous soutenons avec notre prestation de service qualifi\u00e9e et vous accompagnons dans diff\u00e9rentes \u00e9tapes du processus de [&#8230;]<\/p>\n<p><a class=\"btn btn-secondary bcit-read-more-link\" href=\"https:\/\/bc-it.ch\/fr\/clientele-daffaires\/\">Lire la suite&#8230;<\/a><\/p>\n","protected":false},"author":1,"featured_media":0,"parent":0,"menu_order":1,"comment_status":"closed","ping_status":"closed","template":"","meta":{"footnotes":""},"yoast_head":"<!-- This site is optimized with the Yoast SEO plugin v19.9 - https:\/\/yoast.com\/wordpress\/plugins\/seo\/ -->\n<title>Services Fiduciaires et Fiscalit\u00e9 - BC IT AG B\u00e2le<\/title>\n<meta name=\"description\" content=\"Nous vous conseillons sur des questions d&#039;ordre fiduciaire ou \u00e9conomique. Contactez-nous. Nous serons ravis de convenir avec vous d\u2019un premier entretien.\" \/>\n<meta name=\"robots\" content=\"index, follow, max-snippet:-1, max-image-preview:large, max-video-preview:-1\" \/>\n<link rel=\"canonical\" href=\"https:\/\/bc-it.ch\/fr\/clientele-daffaires\/\" \/>\n<meta property=\"og:locale\" content=\"fr_FR\" \/>\n<meta property=\"og:type\" content=\"article\" \/>\n<meta property=\"og:title\" content=\"Services Fiduciaires et Fiscalit\u00e9 - BC IT AG B\u00e2le\" \/>\n<meta property=\"og:description\" content=\"Nous vous conseillons sur des questions d&#039;ordre fiduciaire ou \u00e9conomique. Contactez-nous. Nous serons ravis de convenir avec vous d\u2019un premier entretien.\" \/>\n<meta property=\"og:url\" content=\"https:\/\/bc-it.ch\/fr\/clientele-daffaires\/\" \/>\n<meta property=\"og:site_name\" content=\"BC IT AG\" \/>\n<meta property=\"article:modified_time\" content=\"2021-04-07T17:10:15+00:00\" \/>\n<meta name=\"twitter:card\" content=\"summary_large_image\" \/>\n<meta name=\"twitter:label1\" content=\"Dur\u00e9e de lecture est.\" \/>\n\t<meta name=\"twitter:data1\" content=\"1 minute\" \/>\n<script type=\"application\/ld+json\" class=\"yoast-schema-graph\">{\"@context\":\"https:\/\/schema.org\",\"@graph\":[{\"@type\":\"WebPage\",\"@id\":\"https:\/\/bc-it.ch\/fr\/clientele-daffaires\/\",\"url\":\"https:\/\/bc-it.ch\/fr\/clientele-daffaires\/\",\"name\":\"Services Fiduciaires et Fiscalit\u00e9 - BC IT AG B\u00e2le\",\"isPartOf\":{\"@id\":\"https:\/\/bc-it.ch\/en\/#website\"},\"datePublished\":\"2021-01-28T09:12:27+00:00\",\"dateModified\":\"2021-04-07T17:10:15+00:00\",\"description\":\"Nous vous conseillons sur des questions d'ordre fiduciaire ou \u00e9conomique. Contactez-nous. Nous serons ravis de convenir avec vous d\u2019un premier entretien.\",\"inLanguage\":\"fr-FR\",\"potentialAction\":[{\"@type\":\"ReadAction\",\"target\":[\"https:\/\/bc-it.ch\/fr\/clientele-daffaires\/\"]}]},{\"@type\":\"WebSite\",\"@id\":\"https:\/\/bc-it.ch\/en\/#website\",\"url\":\"https:\/\/bc-it.ch\/en\/\",\"name\":\"BC IT AG\",\"description\":\"Finanz-Beratung\",\"potentialAction\":[{\"@type\":\"SearchAction\",\"target\":{\"@type\":\"EntryPoint\",\"urlTemplate\":\"https:\/\/bc-it.ch\/en\/?s={search_term_string}\"},\"query-input\":\"required name=search_term_string\"}],\"inLanguage\":\"fr-FR\"}]}<\/script>\n<!-- \/ Yoast SEO plugin. -->","yoast_head_json":{"title":"Services Fiduciaires et Fiscalit\u00e9 - BC IT AG B\u00e2le","description":"Nous vous conseillons sur des questions d'ordre fiduciaire ou \u00e9conomique. Contactez-nous. Nous serons ravis de convenir avec vous d\u2019un premier entretien.","robots":{"index":"index","follow":"follow","max-snippet":"max-snippet:-1","max-image-preview":"max-image-preview:large","max-video-preview":"max-video-preview:-1"},"canonical":"https:\/\/bc-it.ch\/fr\/clientele-daffaires\/","og_locale":"fr_FR","og_type":"article","og_title":"Services Fiduciaires et Fiscalit\u00e9 - BC IT AG B\u00e2le","og_description":"Nous vous conseillons sur des questions d'ordre fiduciaire ou \u00e9conomique. Contactez-nous. Nous serons ravis de convenir avec vous d\u2019un premier entretien.","og_url":"https:\/\/bc-it.ch\/fr\/clientele-daffaires\/","og_site_name":"BC IT AG","article_modified_time":"2021-04-07T17:10:15+00:00","twitter_card":"summary_large_image","twitter_misc":{"Dur\u00e9e de lecture est.":"1 minute"},"schema":{"@context":"https:\/\/schema.org","@graph":[{"@type":"WebPage","@id":"https:\/\/bc-it.ch\/fr\/clientele-daffaires\/","url":"https:\/\/bc-it.ch\/fr\/clientele-daffaires\/","name":"Services Fiduciaires et Fiscalit\u00e9 - BC IT AG B\u00e2le","isPartOf":{"@id":"https:\/\/bc-it.ch\/en\/#website"},"datePublished":"2021-01-28T09:12:27+00:00","dateModified":"2021-04-07T17:10:15+00:00","description":"Nous vous conseillons sur des questions d'ordre fiduciaire ou \u00e9conomique. Contactez-nous. Nous serons ravis de convenir avec vous d\u2019un premier entretien.","inLanguage":"fr-FR","potentialAction":[{"@type":"ReadAction","target":["https:\/\/bc-it.ch\/fr\/clientele-daffaires\/"]}]},{"@type":"WebSite","@id":"https:\/\/bc-it.ch\/en\/#website","url":"https:\/\/bc-it.ch\/en\/","name":"BC IT AG","description":"Finanz-Beratung","potentialAction":[{"@type":"SearchAction","target":{"@type":"EntryPoint","urlTemplate":"https:\/\/bc-it.ch\/en\/?s={search_term_string}"},"query-input":"required name=search_term_string"}],"inLanguage":"fr-FR"}]}},"_links":{"self":[{"href":"https:\/\/bc-it.ch\/fr\/wp-json\/wp\/v2\/pages\/377"}],"collection":[{"href":"https:\/\/bc-it.ch\/fr\/wp-json\/wp\/v2\/pages"}],"about":[{"href":"https:\/\/bc-it.ch\/fr\/wp-json\/wp\/v2\/types\/page"}],"author":[{"embeddable":true,"href":"https:\/\/bc-it.ch\/fr\/wp-json\/wp\/v2\/users\/1"}],"replies":[{"embeddable":true,"href":"https:\/\/bc-it.ch\/fr\/wp-json\/wp\/v2\/comments?post=377"}],"version-history":[{"count":1,"href":"https:\/\/bc-it.ch\/fr\/wp-json\/wp\/v2\/pages\/377\/revisions"}],"predecessor-version":[{"id":378,"href":"https:\/\/bc-it.ch\/fr\/wp-json\/wp\/v2\/pages\/377\/revisions\/378"}],"wp:attachment":[{"href":"https:\/\/bc-it.ch\/fr\/wp-json\/wp\/v2\/media?parent=377"}],"curies":[{"name":"wp","href":"https:\/\/api.w.org\/{rel}","templated":true}]}}