{"id":380,"date":"2021-01-28T10:12:45","date_gmt":"2021-01-28T09:12:45","guid":{"rendered":"http:\/\/bcit.cyon.site\/clientele-daffaires\/steuerberatung\/"},"modified":"2021-09-20T19:20:00","modified_gmt":"2021-09-20T17:20:00","slug":"conseil-fiscal","status":"publish","type":"page","link":"https:\/\/bc-it.ch\/fr\/clientele-daffaires\/conseil-fiscal\/","title":{"rendered":"Conseil Fiscal"},"content":{"rendered":"<div class=\"wpb_column vc_column_container vc_col-sm-6\">\n<div class=\"vc_column-inner \">\n<div class=\"wpb_wrapper\">\n<div class=\"wpb_text_column wpb_content_element \">\n<div class=\"wpb_wrapper\">\n<p>Remplir la d\u00e9claration d\u2019imp\u00f4t annuelle exige des ressources et souvent une expertise particuli\u00e8re.<br \/>\nEn tant que fiduciaires exp\u00e9riment\u00e9s, nous vous conseillons sur toutes les questions relatives \u00e0 vos imp\u00f4ts. Nous nous chargeons volontiers pour vous de la d\u00e9claration d\u2019imp\u00f4ts compl\u00e8te, y compris de la remise des documents complets \u00e0 l\u2019administration fiscale en temps utile. Nos experts sont conscients de vos possibilit\u00e9s de d\u00e9duction et minimisent ainsi votre charge fiscale.<\/p>\n<\/div>\n<\/div>\n<\/div>\n<\/div>\n<\/div>\n<div class=\"wpb_column vc_column_container vc_col-sm-6\">\n<div class=\"vc_column-inner \">\n<div class=\"wpb_wrapper\">\n<h3 class=\"heading-left divider-sm\">Nos Services<\/h3>\n<div class=\"wpb_text_column wpb_content_element \">\n<div class=\"wpb_wrapper\">\n<ul>\n<li>Nous vous proposons les services suivants<\/li>\n<li>D\u00e9claration et optimisation fiscale<\/li>\n<li>R\u00e8glement de la d\u00e9claration d\u2019honoraires avec l\u2019administration fiscale<\/li>\n<li>\u00c9laboration du r\u00e8glement des d\u00e9penses \u00e0 soumettre \u00e0 l\u2019administration fiscale<\/li>\n<li>Procuration aupr\u00e8s de l\u2019administration fiscale<\/li>\n<li>R\u00e8glement de l\u2019imp\u00f4t sur les mutations et de l\u2019imp\u00f4t sur les plus-values immobili\u00e8res aupr\u00e8s des autorit\u00e9s cantonales<\/li>\n<li>Recouvrement des cr\u00e9ances au titre de l\u2019imp\u00f4t anticip\u00e9<\/li>\n<\/ul>\n<p>Pour la Suisse romande, Gen\u00e8ve et Lausanne.<\/p>\n<\/div>\n<\/div>\n<\/div>\n<\/div>\n<\/div>\n<p>&nbsp;<\/p>\n","protected":false},"excerpt":{"rendered":"<p>Remplir la d\u00e9claration d\u2019imp\u00f4t annuelle exige des ressources et souvent une expertise particuli\u00e8re. En tant que fiduciaires exp\u00e9riment\u00e9s, nous vous conseillons sur toutes les questions relatives \u00e0 vos imp\u00f4ts. Nous nous chargeons volontiers pour vous de la d\u00e9claration d\u2019imp\u00f4ts compl\u00e8te, y compris de la remise des documents complets \u00e0 l\u2019administration fiscale en temps utile. Nos [&#8230;]<\/p>\n<p><a class=\"btn btn-secondary bcit-read-more-link\" href=\"https:\/\/bc-it.ch\/fr\/clientele-daffaires\/conseil-fiscal\/\">Lire la suite&#8230;<\/a><\/p>\n","protected":false},"author":1,"featured_media":0,"parent":377,"menu_order":1,"comment_status":"closed","ping_status":"closed","template":"","meta":{"footnotes":""},"yoast_head":"<!-- This site is optimized with the Yoast SEO plugin v19.9 - https:\/\/yoast.com\/wordpress\/plugins\/seo\/ -->\n<title>Conseil Fiscal Suisse Romande - BC IT AG<\/title>\n<meta name=\"description\" content=\"En tant que fiduciaires exp\u00e9riment\u00e9s, nous vous conseillons sur toutes les questions relatives \u00e0 vos imp\u00f4ts.\" \/>\n<meta name=\"robots\" content=\"index, follow, max-snippet:-1, max-image-preview:large, max-video-preview:-1\" \/>\n<link rel=\"canonical\" href=\"https:\/\/bc-it.ch\/fr\/clientele-daffaires\/conseil-fiscal\/\" \/>\n<meta property=\"og:locale\" content=\"fr_FR\" \/>\n<meta property=\"og:type\" content=\"article\" \/>\n<meta property=\"og:title\" content=\"Conseil Fiscal Suisse Romande - BC IT AG\" \/>\n<meta property=\"og:description\" content=\"En tant que fiduciaires exp\u00e9riment\u00e9s, nous vous conseillons sur toutes les questions relatives \u00e0 vos imp\u00f4ts.\" \/>\n<meta property=\"og:url\" content=\"https:\/\/bc-it.ch\/fr\/clientele-daffaires\/conseil-fiscal\/\" \/>\n<meta property=\"og:site_name\" content=\"BC IT AG\" \/>\n<meta property=\"article:modified_time\" content=\"2021-09-20T17:20:00+00:00\" \/>\n<meta name=\"twitter:card\" content=\"summary_large_image\" \/>\n<meta name=\"twitter:label1\" content=\"Dur\u00e9e de lecture est.\" \/>\n\t<meta name=\"twitter:data1\" content=\"1 minute\" \/>\n<script type=\"application\/ld+json\" class=\"yoast-schema-graph\">{\"@context\":\"https:\/\/schema.org\",\"@graph\":[{\"@type\":\"WebPage\",\"@id\":\"https:\/\/bc-it.ch\/fr\/clientele-daffaires\/conseil-fiscal\/\",\"url\":\"https:\/\/bc-it.ch\/fr\/clientele-daffaires\/conseil-fiscal\/\",\"name\":\"Conseil Fiscal Suisse Romande - BC IT AG\",\"isPartOf\":{\"@id\":\"https:\/\/bc-it.ch\/en\/#website\"},\"datePublished\":\"2021-01-28T09:12:45+00:00\",\"dateModified\":\"2021-09-20T17:20:00+00:00\",\"description\":\"En tant que fiduciaires exp\u00e9riment\u00e9s, nous vous conseillons sur toutes les questions relatives \u00e0 vos imp\u00f4ts.\",\"breadcrumb\":{\"@id\":\"https:\/\/bc-it.ch\/fr\/clientele-daffaires\/conseil-fiscal\/#breadcrumb\"},\"inLanguage\":\"fr-FR\",\"potentialAction\":[{\"@type\":\"ReadAction\",\"target\":[\"https:\/\/bc-it.ch\/fr\/clientele-daffaires\/conseil-fiscal\/\"]}]},{\"@type\":\"BreadcrumbList\",\"@id\":\"https:\/\/bc-it.ch\/fr\/clientele-daffaires\/conseil-fiscal\/#breadcrumb\",\"itemListElement\":[{\"@type\":\"ListItem\",\"position\":1,\"name\":\"Client\u00e8le d\u2019affaires\",\"item\":\"https:\/\/bc-it.ch\/fr\/clientele-daffaires\/\"},{\"@type\":\"ListItem\",\"position\":2,\"name\":\"Conseil Fiscal\"}]},{\"@type\":\"WebSite\",\"@id\":\"https:\/\/bc-it.ch\/en\/#website\",\"url\":\"https:\/\/bc-it.ch\/en\/\",\"name\":\"BC IT AG\",\"description\":\"Finanz-Beratung\",\"potentialAction\":[{\"@type\":\"SearchAction\",\"target\":{\"@type\":\"EntryPoint\",\"urlTemplate\":\"https:\/\/bc-it.ch\/en\/?s={search_term_string}\"},\"query-input\":\"required name=search_term_string\"}],\"inLanguage\":\"fr-FR\"}]}<\/script>\n<!-- \/ Yoast SEO plugin. -->","yoast_head_json":{"title":"Conseil Fiscal Suisse Romande - BC IT AG","description":"En tant que fiduciaires exp\u00e9riment\u00e9s, nous vous conseillons sur toutes les questions relatives \u00e0 vos imp\u00f4ts.","robots":{"index":"index","follow":"follow","max-snippet":"max-snippet:-1","max-image-preview":"max-image-preview:large","max-video-preview":"max-video-preview:-1"},"canonical":"https:\/\/bc-it.ch\/fr\/clientele-daffaires\/conseil-fiscal\/","og_locale":"fr_FR","og_type":"article","og_title":"Conseil Fiscal Suisse Romande - BC IT AG","og_description":"En tant que fiduciaires exp\u00e9riment\u00e9s, nous vous conseillons sur toutes les questions relatives \u00e0 vos imp\u00f4ts.","og_url":"https:\/\/bc-it.ch\/fr\/clientele-daffaires\/conseil-fiscal\/","og_site_name":"BC IT AG","article_modified_time":"2021-09-20T17:20:00+00:00","twitter_card":"summary_large_image","twitter_misc":{"Dur\u00e9e de lecture est.":"1 minute"},"schema":{"@context":"https:\/\/schema.org","@graph":[{"@type":"WebPage","@id":"https:\/\/bc-it.ch\/fr\/clientele-daffaires\/conseil-fiscal\/","url":"https:\/\/bc-it.ch\/fr\/clientele-daffaires\/conseil-fiscal\/","name":"Conseil Fiscal Suisse Romande - BC IT AG","isPartOf":{"@id":"https:\/\/bc-it.ch\/en\/#website"},"datePublished":"2021-01-28T09:12:45+00:00","dateModified":"2021-09-20T17:20:00+00:00","description":"En tant que fiduciaires exp\u00e9riment\u00e9s, nous vous conseillons sur toutes les questions relatives \u00e0 vos imp\u00f4ts.","breadcrumb":{"@id":"https:\/\/bc-it.ch\/fr\/clientele-daffaires\/conseil-fiscal\/#breadcrumb"},"inLanguage":"fr-FR","potentialAction":[{"@type":"ReadAction","target":["https:\/\/bc-it.ch\/fr\/clientele-daffaires\/conseil-fiscal\/"]}]},{"@type":"BreadcrumbList","@id":"https:\/\/bc-it.ch\/fr\/clientele-daffaires\/conseil-fiscal\/#breadcrumb","itemListElement":[{"@type":"ListItem","position":1,"name":"Client\u00e8le d\u2019affaires","item":"https:\/\/bc-it.ch\/fr\/clientele-daffaires\/"},{"@type":"ListItem","position":2,"name":"Conseil Fiscal"}]},{"@type":"WebSite","@id":"https:\/\/bc-it.ch\/en\/#website","url":"https:\/\/bc-it.ch\/en\/","name":"BC IT AG","description":"Finanz-Beratung","potentialAction":[{"@type":"SearchAction","target":{"@type":"EntryPoint","urlTemplate":"https:\/\/bc-it.ch\/en\/?s={search_term_string}"},"query-input":"required name=search_term_string"}],"inLanguage":"fr-FR"}]}},"_links":{"self":[{"href":"https:\/\/bc-it.ch\/fr\/wp-json\/wp\/v2\/pages\/380"}],"collection":[{"href":"https:\/\/bc-it.ch\/fr\/wp-json\/wp\/v2\/pages"}],"about":[{"href":"https:\/\/bc-it.ch\/fr\/wp-json\/wp\/v2\/types\/page"}],"author":[{"embeddable":true,"href":"https:\/\/bc-it.ch\/fr\/wp-json\/wp\/v2\/users\/1"}],"replies":[{"embeddable":true,"href":"https:\/\/bc-it.ch\/fr\/wp-json\/wp\/v2\/comments?post=380"}],"version-history":[{"count":3,"href":"https:\/\/bc-it.ch\/fr\/wp-json\/wp\/v2\/pages\/380\/revisions"}],"predecessor-version":[{"id":713,"href":"https:\/\/bc-it.ch\/fr\/wp-json\/wp\/v2\/pages\/380\/revisions\/713"}],"up":[{"embeddable":true,"href":"https:\/\/bc-it.ch\/fr\/wp-json\/wp\/v2\/pages\/377"}],"wp:attachment":[{"href":"https:\/\/bc-it.ch\/fr\/wp-json\/wp\/v2\/media?parent=380"}],"curies":[{"name":"wp","href":"https:\/\/api.w.org\/{rel}","templated":true}]}}