{"id":384,"date":"2021-01-28T10:13:12","date_gmt":"2021-01-28T09:13:12","guid":{"rendered":"http:\/\/bcit.cyon.site\/clientele-daffaires\/unternehmensberatung\/"},"modified":"2021-09-20T19:28:39","modified_gmt":"2021-09-20T17:28:39","slug":"conseil-aux-entreprises","status":"publish","type":"page","link":"https:\/\/bc-it.ch\/fr\/clientele-daffaires\/conseil-aux-entreprises\/","title":{"rendered":"Conseil aux entreprises"},"content":{"rendered":"<p class=\"heading-left divider-sm\"><span style=\"font-size: 16px;\">Afin de rester comp\u00e9titif et donc de r\u00e9ussir, vous avez besoin de la bonne base pour les d\u00e9cisions strat\u00e9giques et op\u00e9rationnelles.<\/span><\/p>\n<div class=\"wpb_column vc_column_container vc_col-sm-6\">\n<div class=\"vc_column-inner \">\n<div class=\"wpb_wrapper\">\n<div class=\"wpb_text_column wpb_content_element \">\n<div class=\"wpb_wrapper\">\n<p>En tant que fiduciaires exp\u00e9riment\u00e9s, nous connaissons les instruments de planification et de prise de d\u00e9cision, les risques de march\u00e9 et de capital ainsi que les processus et les syst\u00e8mes. Nous vous offrons tout \u00e0 partir d&rsquo;une seule source, du d\u00e9veloppement des bases n\u00e9cessaires aux conseils et au soutien comp\u00e9tents.<\/p>\n<\/div>\n<\/div>\n<\/div>\n<\/div>\n<\/div>\n<div class=\"wpb_column vc_column_container vc_col-sm-6\">\n<div class=\"vc_column-inner \">\n<div class=\"wpb_wrapper\">\n<h3 class=\"heading-left divider-sm\">Nos services<\/h3>\n<div class=\"wpb_text_column wpb_content_element \">\n<div class=\"wpb_wrapper\">\n<ul>\n<li>Mise en place la strat\u00e9gie et organisation de l\u2019entreprise<\/li>\n<li>Conception et r\u00e9ing\u00e9nierie de la gestion des processus<\/li>\n<li>Business plan et gestion des risques<\/li>\n<li>Gestion du cycle de vie des produits d\u2019un point de vue marketing<\/li>\n<li>Organisation commerciale et marketing<\/li>\n<li>Strat\u00e9gies de croissance &#8211; march\u00e9, client et produit<\/li>\n<li>Analyse et optimisation des processus et des syst\u00e8mes<\/li>\n<li>Concepts techniques pour ERP, planification de la production et syst\u00e8mes de fid\u00e9lisation de la client\u00e8le (CRM, PPS, MES, LVS)<\/li>\n<li>Sp\u00e9cification et s\u00e9lection de syst\u00e8mes ERP, de planification de la production et de fid\u00e9lisation de la client\u00e8le (CRM, PPS, MES)<\/li>\n<\/ul>\n<\/div>\n<\/div>\n<\/div>\n<\/div>\n<\/div>\n","protected":false},"excerpt":{"rendered":"<p>Afin de rester comp\u00e9titif et donc de r\u00e9ussir, vous avez besoin de la bonne base pour les d\u00e9cisions strat\u00e9giques et op\u00e9rationnelles. En tant que fiduciaires exp\u00e9riment\u00e9s, nous connaissons les instruments de planification et de prise de d\u00e9cision, les risques de march\u00e9 et de capital ainsi que les processus et les syst\u00e8mes. Nous vous offrons tout [&#8230;]<\/p>\n<p><a class=\"btn btn-secondary bcit-read-more-link\" href=\"https:\/\/bc-it.ch\/fr\/clientele-daffaires\/conseil-aux-entreprises\/\">Lire la suite&#8230;<\/a><\/p>\n","protected":false},"author":1,"featured_media":0,"parent":377,"menu_order":2,"comment_status":"closed","ping_status":"closed","template":"","meta":{"footnotes":""},"yoast_head":"<!-- This site is optimized with the Yoast SEO plugin v19.9 - https:\/\/yoast.com\/wordpress\/plugins\/seo\/ -->\n<title>Conseil aux Entreprises - BC IT SA<\/title>\n<meta name=\"description\" content=\"En tant que fiduciaires exp\u00e9riment\u00e9s, nous connaissons les instruments de planification et de prise de d\u00e9cision.\" \/>\n<meta name=\"robots\" content=\"index, follow, max-snippet:-1, max-image-preview:large, max-video-preview:-1\" \/>\n<link rel=\"canonical\" href=\"https:\/\/bc-it.ch\/fr\/clientele-daffaires\/conseil-aux-entreprises\/\" \/>\n<meta property=\"og:locale\" content=\"fr_FR\" \/>\n<meta property=\"og:type\" content=\"article\" \/>\n<meta property=\"og:title\" content=\"Conseil aux Entreprises - BC IT SA\" \/>\n<meta property=\"og:description\" content=\"En tant que fiduciaires exp\u00e9riment\u00e9s, nous connaissons les instruments de planification et de prise de d\u00e9cision.\" \/>\n<meta property=\"og:url\" content=\"https:\/\/bc-it.ch\/fr\/clientele-daffaires\/conseil-aux-entreprises\/\" \/>\n<meta property=\"og:site_name\" content=\"BC IT AG\" \/>\n<meta property=\"article:modified_time\" content=\"2021-09-20T17:28:39+00:00\" \/>\n<meta name=\"twitter:card\" content=\"summary_large_image\" \/>\n<meta name=\"twitter:label1\" content=\"Dur\u00e9e de lecture est.\" \/>\n\t<meta name=\"twitter:data1\" content=\"1 minute\" \/>\n<script type=\"application\/ld+json\" class=\"yoast-schema-graph\">{\"@context\":\"https:\/\/schema.org\",\"@graph\":[{\"@type\":\"WebPage\",\"@id\":\"https:\/\/bc-it.ch\/fr\/clientele-daffaires\/conseil-aux-entreprises\/\",\"url\":\"https:\/\/bc-it.ch\/fr\/clientele-daffaires\/conseil-aux-entreprises\/\",\"name\":\"Conseil aux Entreprises - BC IT SA\",\"isPartOf\":{\"@id\":\"https:\/\/bc-it.ch\/en\/#website\"},\"datePublished\":\"2021-01-28T09:13:12+00:00\",\"dateModified\":\"2021-09-20T17:28:39+00:00\",\"description\":\"En tant que fiduciaires exp\u00e9riment\u00e9s, nous connaissons les instruments de planification et de prise de d\u00e9cision.\",\"breadcrumb\":{\"@id\":\"https:\/\/bc-it.ch\/fr\/clientele-daffaires\/conseil-aux-entreprises\/#breadcrumb\"},\"inLanguage\":\"fr-FR\",\"potentialAction\":[{\"@type\":\"ReadAction\",\"target\":[\"https:\/\/bc-it.ch\/fr\/clientele-daffaires\/conseil-aux-entreprises\/\"]}]},{\"@type\":\"BreadcrumbList\",\"@id\":\"https:\/\/bc-it.ch\/fr\/clientele-daffaires\/conseil-aux-entreprises\/#breadcrumb\",\"itemListElement\":[{\"@type\":\"ListItem\",\"position\":1,\"name\":\"Client\u00e8le d\u2019affaires\",\"item\":\"https:\/\/bc-it.ch\/fr\/clientele-daffaires\/\"},{\"@type\":\"ListItem\",\"position\":2,\"name\":\"Conseil aux entreprises\"}]},{\"@type\":\"WebSite\",\"@id\":\"https:\/\/bc-it.ch\/en\/#website\",\"url\":\"https:\/\/bc-it.ch\/en\/\",\"name\":\"BC IT AG\",\"description\":\"Finanz-Beratung\",\"potentialAction\":[{\"@type\":\"SearchAction\",\"target\":{\"@type\":\"EntryPoint\",\"urlTemplate\":\"https:\/\/bc-it.ch\/en\/?s={search_term_string}\"},\"query-input\":\"required name=search_term_string\"}],\"inLanguage\":\"fr-FR\"}]}<\/script>\n<!-- \/ Yoast SEO plugin. -->","yoast_head_json":{"title":"Conseil aux Entreprises - BC IT SA","description":"En tant que fiduciaires exp\u00e9riment\u00e9s, nous connaissons les instruments de planification et de prise de d\u00e9cision.","robots":{"index":"index","follow":"follow","max-snippet":"max-snippet:-1","max-image-preview":"max-image-preview:large","max-video-preview":"max-video-preview:-1"},"canonical":"https:\/\/bc-it.ch\/fr\/clientele-daffaires\/conseil-aux-entreprises\/","og_locale":"fr_FR","og_type":"article","og_title":"Conseil aux Entreprises - BC IT SA","og_description":"En tant que fiduciaires exp\u00e9riment\u00e9s, nous connaissons les instruments de planification et de prise de d\u00e9cision.","og_url":"https:\/\/bc-it.ch\/fr\/clientele-daffaires\/conseil-aux-entreprises\/","og_site_name":"BC IT AG","article_modified_time":"2021-09-20T17:28:39+00:00","twitter_card":"summary_large_image","twitter_misc":{"Dur\u00e9e de lecture est.":"1 minute"},"schema":{"@context":"https:\/\/schema.org","@graph":[{"@type":"WebPage","@id":"https:\/\/bc-it.ch\/fr\/clientele-daffaires\/conseil-aux-entreprises\/","url":"https:\/\/bc-it.ch\/fr\/clientele-daffaires\/conseil-aux-entreprises\/","name":"Conseil aux Entreprises - BC IT SA","isPartOf":{"@id":"https:\/\/bc-it.ch\/en\/#website"},"datePublished":"2021-01-28T09:13:12+00:00","dateModified":"2021-09-20T17:28:39+00:00","description":"En tant que fiduciaires exp\u00e9riment\u00e9s, nous connaissons les instruments de planification et de prise de d\u00e9cision.","breadcrumb":{"@id":"https:\/\/bc-it.ch\/fr\/clientele-daffaires\/conseil-aux-entreprises\/#breadcrumb"},"inLanguage":"fr-FR","potentialAction":[{"@type":"ReadAction","target":["https:\/\/bc-it.ch\/fr\/clientele-daffaires\/conseil-aux-entreprises\/"]}]},{"@type":"BreadcrumbList","@id":"https:\/\/bc-it.ch\/fr\/clientele-daffaires\/conseil-aux-entreprises\/#breadcrumb","itemListElement":[{"@type":"ListItem","position":1,"name":"Client\u00e8le d\u2019affaires","item":"https:\/\/bc-it.ch\/fr\/clientele-daffaires\/"},{"@type":"ListItem","position":2,"name":"Conseil aux entreprises"}]},{"@type":"WebSite","@id":"https:\/\/bc-it.ch\/en\/#website","url":"https:\/\/bc-it.ch\/en\/","name":"BC IT AG","description":"Finanz-Beratung","potentialAction":[{"@type":"SearchAction","target":{"@type":"EntryPoint","urlTemplate":"https:\/\/bc-it.ch\/en\/?s={search_term_string}"},"query-input":"required name=search_term_string"}],"inLanguage":"fr-FR"}]}},"_links":{"self":[{"href":"https:\/\/bc-it.ch\/fr\/wp-json\/wp\/v2\/pages\/384"}],"collection":[{"href":"https:\/\/bc-it.ch\/fr\/wp-json\/wp\/v2\/pages"}],"about":[{"href":"https:\/\/bc-it.ch\/fr\/wp-json\/wp\/v2\/types\/page"}],"author":[{"embeddable":true,"href":"https:\/\/bc-it.ch\/fr\/wp-json\/wp\/v2\/users\/1"}],"replies":[{"embeddable":true,"href":"https:\/\/bc-it.ch\/fr\/wp-json\/wp\/v2\/comments?post=384"}],"version-history":[{"count":3,"href":"https:\/\/bc-it.ch\/fr\/wp-json\/wp\/v2\/pages\/384\/revisions"}],"predecessor-version":[{"id":511,"href":"https:\/\/bc-it.ch\/fr\/wp-json\/wp\/v2\/pages\/384\/revisions\/511"}],"up":[{"embeddable":true,"href":"https:\/\/bc-it.ch\/fr\/wp-json\/wp\/v2\/pages\/377"}],"wp:attachment":[{"href":"https:\/\/bc-it.ch\/fr\/wp-json\/wp\/v2\/media?parent=384"}],"curies":[{"name":"wp","href":"https:\/\/api.w.org\/{rel}","templated":true}]}}