{"id":387,"date":"2021-01-28T10:14:02","date_gmt":"2021-01-28T09:14:02","guid":{"rendered":"http:\/\/bcit.cyon.site\/clientele-daffaires\/firmengruendung\/"},"modified":"2021-03-09T17:33:48","modified_gmt":"2021-03-09T16:33:48","slug":"gestion-de-demarrage","status":"publish","type":"page","link":"https:\/\/bc-it.ch\/fr\/clientele-daffaires\/gestion-de-demarrage\/","title":{"rendered":"Gestion de d\u00e9marrage"},"content":{"rendered":"<p class=\"heading-left divider-sm\"><span style=\"font-size: 16px;\">Quiconque veut cr\u00e9er une entreprise est confront\u00e9 \u00e0 un certain nombre d&rsquo;obstacles et doit \u00eatre bien inform\u00e9 et pr\u00e9par\u00e9.<\/span><\/p>\n<div class=\"wpb_column vc_column_container vc_col-sm-6\">\n<div class=\"vc_column-inner \">\n<div class=\"wpb_wrapper\">\n<div class=\"wpb_text_column wpb_content_element \">\n<div class=\"wpb_wrapper\">\n<p>En tant que fiduciaires exp\u00e9riment\u00e9s, nous conseillons, accompagnons les jeunes entrepreneurs d\u00e8s la cr\u00e9ation d&rsquo;entreprise. Notre exp\u00e9rience personnelle avec les entreprises fondatrices en d\u00e9coule \u00e9galement.<\/p>\n<\/div>\n<\/div>\n<\/div>\n<\/div>\n<\/div>\n<div class=\"wpb_column vc_column_container vc_col-sm-6\">\n<div class=\"vc_column-inner \">\n<div class=\"wpb_wrapper\">\n<h3 class=\"heading-left divider-sm\">Nos services<\/h3>\n<div class=\"wpb_text_column wpb_content_element \">\n<div class=\"wpb_wrapper\">\n<ul>\n<li>Conseil et accompagnement dans la cr\u00e9ation d\u2019auto-emploi<\/li>\n<li>D\u00e9termination de la forme juridique appropri\u00e9e (entreprise individuelle, soci\u00e9t\u00e9 \u00e0 responsabilit\u00e9 limit\u00e9e, soci\u00e9t\u00e9 anonyme, &#8230;)<\/li>\n<li>Support et accompagnement lors de l&rsquo;\u00e9tablissement (visites des autorit\u00e9s, immatriculation TVA, caisse de pension, AVS, salari\u00e9s soumis \u00e0 pr\u00e9compte mobilier)<\/li>\n<\/ul>\n<\/div>\n<\/div>\n<\/div>\n<\/div>\n<\/div>\n","protected":false},"excerpt":{"rendered":"<p>Quiconque veut cr\u00e9er une entreprise est confront\u00e9 \u00e0 un certain nombre d&rsquo;obstacles et doit \u00eatre bien inform\u00e9 et pr\u00e9par\u00e9. En tant que fiduciaires exp\u00e9riment\u00e9s, nous conseillons, accompagnons les jeunes entrepreneurs d\u00e8s la cr\u00e9ation d&rsquo;entreprise. Notre exp\u00e9rience personnelle avec les entreprises fondatrices en d\u00e9coule \u00e9galement. Nos services Conseil et accompagnement dans la cr\u00e9ation d\u2019auto-emploi D\u00e9termination de [&#8230;]<\/p>\n<p><a class=\"btn btn-secondary bcit-read-more-link\" href=\"https:\/\/bc-it.ch\/fr\/clientele-daffaires\/gestion-de-demarrage\/\">Lire la suite&#8230;<\/a><\/p>\n","protected":false},"author":1,"featured_media":0,"parent":377,"menu_order":3,"comment_status":"closed","ping_status":"closed","template":"","meta":{"footnotes":""},"yoast_head":"<!-- This site is optimized with the Yoast SEO plugin v19.9 - https:\/\/yoast.com\/wordpress\/plugins\/seo\/ -->\n<title>Gestion de d\u00e9marrage - BC IT AG<\/title>\n<meta name=\"robots\" content=\"index, follow, max-snippet:-1, max-image-preview:large, max-video-preview:-1\" \/>\n<link rel=\"canonical\" href=\"https:\/\/bc-it.ch\/fr\/clientele-daffaires\/gestion-de-demarrage\/\" \/>\n<meta property=\"og:locale\" content=\"fr_FR\" \/>\n<meta property=\"og:type\" content=\"article\" \/>\n<meta property=\"og:title\" content=\"Gestion de d\u00e9marrage - BC IT AG\" \/>\n<meta property=\"og:description\" content=\"Quiconque veut cr\u00e9er une entreprise est confront\u00e9 \u00e0 un certain nombre d&rsquo;obstacles et doit \u00eatre bien inform\u00e9 et pr\u00e9par\u00e9. En tant que fiduciaires exp\u00e9riment\u00e9s, nous conseillons, accompagnons les jeunes entrepreneurs d\u00e8s la cr\u00e9ation d&rsquo;entreprise. Notre exp\u00e9rience personnelle avec les entreprises fondatrices en d\u00e9coule \u00e9galement. Nos services Conseil et accompagnement dans la cr\u00e9ation d\u2019auto-emploi D\u00e9termination de [...]Lire la suite...\" \/>\n<meta property=\"og:url\" content=\"https:\/\/bc-it.ch\/fr\/clientele-daffaires\/gestion-de-demarrage\/\" \/>\n<meta property=\"og:site_name\" content=\"BC IT AG\" \/>\n<meta property=\"article:modified_time\" content=\"2021-03-09T16:33:48+00:00\" \/>\n<meta name=\"twitter:card\" content=\"summary_large_image\" \/>\n<meta name=\"twitter:label1\" content=\"Dur\u00e9e de lecture est.\" \/>\n\t<meta name=\"twitter:data1\" content=\"1 minute\" \/>\n<script type=\"application\/ld+json\" class=\"yoast-schema-graph\">{\"@context\":\"https:\/\/schema.org\",\"@graph\":[{\"@type\":\"WebPage\",\"@id\":\"https:\/\/bc-it.ch\/fr\/clientele-daffaires\/gestion-de-demarrage\/\",\"url\":\"https:\/\/bc-it.ch\/fr\/clientele-daffaires\/gestion-de-demarrage\/\",\"name\":\"Gestion de d\u00e9marrage - BC IT AG\",\"isPartOf\":{\"@id\":\"https:\/\/bc-it.ch\/en\/#website\"},\"datePublished\":\"2021-01-28T09:14:02+00:00\",\"dateModified\":\"2021-03-09T16:33:48+00:00\",\"breadcrumb\":{\"@id\":\"https:\/\/bc-it.ch\/fr\/clientele-daffaires\/gestion-de-demarrage\/#breadcrumb\"},\"inLanguage\":\"fr-FR\",\"potentialAction\":[{\"@type\":\"ReadAction\",\"target\":[\"https:\/\/bc-it.ch\/fr\/clientele-daffaires\/gestion-de-demarrage\/\"]}]},{\"@type\":\"BreadcrumbList\",\"@id\":\"https:\/\/bc-it.ch\/fr\/clientele-daffaires\/gestion-de-demarrage\/#breadcrumb\",\"itemListElement\":[{\"@type\":\"ListItem\",\"position\":1,\"name\":\"Client\u00e8le d\u2019affaires\",\"item\":\"https:\/\/bc-it.ch\/fr\/clientele-daffaires\/\"},{\"@type\":\"ListItem\",\"position\":2,\"name\":\"Gestion de d\u00e9marrage\"}]},{\"@type\":\"WebSite\",\"@id\":\"https:\/\/bc-it.ch\/en\/#website\",\"url\":\"https:\/\/bc-it.ch\/en\/\",\"name\":\"BC IT AG\",\"description\":\"Finanz-Beratung\",\"potentialAction\":[{\"@type\":\"SearchAction\",\"target\":{\"@type\":\"EntryPoint\",\"urlTemplate\":\"https:\/\/bc-it.ch\/en\/?s={search_term_string}\"},\"query-input\":\"required name=search_term_string\"}],\"inLanguage\":\"fr-FR\"}]}<\/script>\n<!-- \/ Yoast SEO plugin. -->","yoast_head_json":{"title":"Gestion de d\u00e9marrage - BC IT AG","robots":{"index":"index","follow":"follow","max-snippet":"max-snippet:-1","max-image-preview":"max-image-preview:large","max-video-preview":"max-video-preview:-1"},"canonical":"https:\/\/bc-it.ch\/fr\/clientele-daffaires\/gestion-de-demarrage\/","og_locale":"fr_FR","og_type":"article","og_title":"Gestion de d\u00e9marrage - BC IT AG","og_description":"Quiconque veut cr\u00e9er une entreprise est confront\u00e9 \u00e0 un certain nombre d&rsquo;obstacles et doit \u00eatre bien inform\u00e9 et pr\u00e9par\u00e9. En tant que fiduciaires exp\u00e9riment\u00e9s, nous conseillons, accompagnons les jeunes entrepreneurs d\u00e8s la cr\u00e9ation d&rsquo;entreprise. Notre exp\u00e9rience personnelle avec les entreprises fondatrices en d\u00e9coule \u00e9galement. Nos services Conseil et accompagnement dans la cr\u00e9ation d\u2019auto-emploi D\u00e9termination de [...]Lire la suite...","og_url":"https:\/\/bc-it.ch\/fr\/clientele-daffaires\/gestion-de-demarrage\/","og_site_name":"BC IT AG","article_modified_time":"2021-03-09T16:33:48+00:00","twitter_card":"summary_large_image","twitter_misc":{"Dur\u00e9e de lecture est.":"1 minute"},"schema":{"@context":"https:\/\/schema.org","@graph":[{"@type":"WebPage","@id":"https:\/\/bc-it.ch\/fr\/clientele-daffaires\/gestion-de-demarrage\/","url":"https:\/\/bc-it.ch\/fr\/clientele-daffaires\/gestion-de-demarrage\/","name":"Gestion de d\u00e9marrage - BC IT AG","isPartOf":{"@id":"https:\/\/bc-it.ch\/en\/#website"},"datePublished":"2021-01-28T09:14:02+00:00","dateModified":"2021-03-09T16:33:48+00:00","breadcrumb":{"@id":"https:\/\/bc-it.ch\/fr\/clientele-daffaires\/gestion-de-demarrage\/#breadcrumb"},"inLanguage":"fr-FR","potentialAction":[{"@type":"ReadAction","target":["https:\/\/bc-it.ch\/fr\/clientele-daffaires\/gestion-de-demarrage\/"]}]},{"@type":"BreadcrumbList","@id":"https:\/\/bc-it.ch\/fr\/clientele-daffaires\/gestion-de-demarrage\/#breadcrumb","itemListElement":[{"@type":"ListItem","position":1,"name":"Client\u00e8le d\u2019affaires","item":"https:\/\/bc-it.ch\/fr\/clientele-daffaires\/"},{"@type":"ListItem","position":2,"name":"Gestion de d\u00e9marrage"}]},{"@type":"WebSite","@id":"https:\/\/bc-it.ch\/en\/#website","url":"https:\/\/bc-it.ch\/en\/","name":"BC IT AG","description":"Finanz-Beratung","potentialAction":[{"@type":"SearchAction","target":{"@type":"EntryPoint","urlTemplate":"https:\/\/bc-it.ch\/en\/?s={search_term_string}"},"query-input":"required name=search_term_string"}],"inLanguage":"fr-FR"}]}},"_links":{"self":[{"href":"https:\/\/bc-it.ch\/fr\/wp-json\/wp\/v2\/pages\/387"}],"collection":[{"href":"https:\/\/bc-it.ch\/fr\/wp-json\/wp\/v2\/pages"}],"about":[{"href":"https:\/\/bc-it.ch\/fr\/wp-json\/wp\/v2\/types\/page"}],"author":[{"embeddable":true,"href":"https:\/\/bc-it.ch\/fr\/wp-json\/wp\/v2\/users\/1"}],"replies":[{"embeddable":true,"href":"https:\/\/bc-it.ch\/fr\/wp-json\/wp\/v2\/comments?post=387"}],"version-history":[{"count":4,"href":"https:\/\/bc-it.ch\/fr\/wp-json\/wp\/v2\/pages\/387\/revisions"}],"predecessor-version":[{"id":513,"href":"https:\/\/bc-it.ch\/fr\/wp-json\/wp\/v2\/pages\/387\/revisions\/513"}],"up":[{"embeddable":true,"href":"https:\/\/bc-it.ch\/fr\/wp-json\/wp\/v2\/pages\/377"}],"wp:attachment":[{"href":"https:\/\/bc-it.ch\/fr\/wp-json\/wp\/v2\/media?parent=387"}],"curies":[{"name":"wp","href":"https:\/\/api.w.org\/{rel}","templated":true}]}}