{"id":390,"date":"2021-01-28T10:14:20","date_gmt":"2021-01-28T09:14:20","guid":{"rendered":"http:\/\/bcit.cyon.site\/clientele-daffaires\/finanzplanung\/"},"modified":"2021-04-07T19:11:59","modified_gmt":"2021-04-07T17:11:59","slug":"planification-financiere","status":"publish","type":"page","link":"https:\/\/bc-it.ch\/fr\/clientele-daffaires\/planification-financiere\/","title":{"rendered":"Planification Financi\u00e8re"},"content":{"rendered":"<div class=\"wpb_column vc_column_container vc_col-sm-6\">\n<div class=\"vc_column-inner \">\n<div class=\"wpb_wrapper\">\n<div class=\"wpb_text_column wpb_content_element \">\n<div class=\"wpb_wrapper\">\n<p>La planification financi\u00e8re \u00e0 court, moyen et long terme est une base importante pour la prise de d\u00e9cision et la mise en \u0153uvre de la planification.<br \/>\nEn tant que fiduciaires exp\u00e9riment\u00e9s, nous ma\u00eetrisons les diff\u00e9rents instruments de planification. De l\u2019analyse \u00e0 la planification en passant par le contr\u00f4le, nous vous offrons tout d\u2019une seule main. Nous vous aidons volontiers \u00e0 obtenir des fonds ext\u00e9rieurs aupr\u00e8s des banques ou par le biais d\u2019alternatives innovantes.<\/p>\n<\/div>\n<\/div>\n<\/div>\n<\/div>\n<\/div>\n<div class=\"wpb_column vc_column_container vc_col-sm-6\">\n<div class=\"vc_column-inner \">\n<div class=\"wpb_wrapper\">\n<h3 class=\"heading-left divider-sm\">Nous vous proposons les services suivants<\/h3>\n<div class=\"wpb_text_column wpb_content_element \">\n<div class=\"wpb_wrapper\">\n<ul>\n<li lang=\"fr-FR\">Planification financi\u00e8re \u00e0 long terme<\/li>\n<li lang=\"fr-FR\">Planification du budget<\/li>\n<li lang=\"fr-FR\">Planification des liquidit\u00e9s<\/li>\n<li lang=\"fr-FR\">Comptabilit\u00e9 salariale<\/li>\n<li lang=\"fr-FR\">Planification des investissements<\/li>\n<\/ul>\n<\/div>\n<\/div>\n<\/div>\n<\/div>\n<\/div>\n","protected":false},"excerpt":{"rendered":"<p>La planification financi\u00e8re \u00e0 court, moyen et long terme est une base importante pour la prise de d\u00e9cision et la mise en \u0153uvre de la planification. En tant que fiduciaires exp\u00e9riment\u00e9s, nous ma\u00eetrisons les diff\u00e9rents instruments de planification. De l\u2019analyse \u00e0 la planification en passant par le contr\u00f4le, nous vous offrons tout d\u2019une seule main. [&#8230;]<\/p>\n<p><a class=\"btn btn-secondary bcit-read-more-link\" href=\"https:\/\/bc-it.ch\/fr\/clientele-daffaires\/planification-financiere\/\">Lire la suite&#8230;<\/a><\/p>\n","protected":false},"author":1,"featured_media":0,"parent":377,"menu_order":4,"comment_status":"closed","ping_status":"closed","template":"","meta":{"footnotes":""},"yoast_head":"<!-- This site is optimized with the Yoast SEO plugin v19.9 - https:\/\/yoast.com\/wordpress\/plugins\/seo\/ -->\n<title>Planification Financi\u00e8re B\u00e2le Suisse BC IT AG<\/title>\n<meta name=\"description\" content=\"La planification financi\u00e8re \u00e0 court, moyen et long terme est une base importante pour la prise de d\u00e9cision et la mise en \u0153uvre de la planification.\" \/>\n<meta name=\"robots\" content=\"index, follow, max-snippet:-1, max-image-preview:large, max-video-preview:-1\" \/>\n<link rel=\"canonical\" href=\"https:\/\/bc-it.ch\/fr\/clientele-daffaires\/planification-financiere\/\" \/>\n<meta property=\"og:locale\" content=\"fr_FR\" \/>\n<meta property=\"og:type\" content=\"article\" \/>\n<meta property=\"og:title\" content=\"Planification Financi\u00e8re B\u00e2le Suisse BC IT AG\" \/>\n<meta property=\"og:description\" content=\"La planification financi\u00e8re \u00e0 court, moyen et long terme est une base importante pour la prise de d\u00e9cision et la mise en \u0153uvre de la planification.\" \/>\n<meta property=\"og:url\" content=\"https:\/\/bc-it.ch\/fr\/clientele-daffaires\/planification-financiere\/\" \/>\n<meta property=\"og:site_name\" content=\"BC IT AG\" \/>\n<meta property=\"article:modified_time\" content=\"2021-04-07T17:11:59+00:00\" \/>\n<meta name=\"twitter:card\" content=\"summary_large_image\" \/>\n<meta name=\"twitter:label1\" content=\"Dur\u00e9e de lecture est.\" \/>\n\t<meta name=\"twitter:data1\" content=\"1 minute\" \/>\n<script type=\"application\/ld+json\" class=\"yoast-schema-graph\">{\"@context\":\"https:\/\/schema.org\",\"@graph\":[{\"@type\":\"WebPage\",\"@id\":\"https:\/\/bc-it.ch\/fr\/clientele-daffaires\/planification-financiere\/\",\"url\":\"https:\/\/bc-it.ch\/fr\/clientele-daffaires\/planification-financiere\/\",\"name\":\"Planification Financi\u00e8re B\u00e2le Suisse BC IT AG\",\"isPartOf\":{\"@id\":\"https:\/\/bc-it.ch\/en\/#website\"},\"datePublished\":\"2021-01-28T09:14:20+00:00\",\"dateModified\":\"2021-04-07T17:11:59+00:00\",\"description\":\"La planification financi\u00e8re \u00e0 court, moyen et long terme est une base importante pour la prise de d\u00e9cision et la mise en \u0153uvre de la planification.\",\"breadcrumb\":{\"@id\":\"https:\/\/bc-it.ch\/fr\/clientele-daffaires\/planification-financiere\/#breadcrumb\"},\"inLanguage\":\"fr-FR\",\"potentialAction\":[{\"@type\":\"ReadAction\",\"target\":[\"https:\/\/bc-it.ch\/fr\/clientele-daffaires\/planification-financiere\/\"]}]},{\"@type\":\"BreadcrumbList\",\"@id\":\"https:\/\/bc-it.ch\/fr\/clientele-daffaires\/planification-financiere\/#breadcrumb\",\"itemListElement\":[{\"@type\":\"ListItem\",\"position\":1,\"name\":\"Client\u00e8le d\u2019affaires\",\"item\":\"https:\/\/bc-it.ch\/fr\/clientele-daffaires\/\"},{\"@type\":\"ListItem\",\"position\":2,\"name\":\"Planification Financi\u00e8re\"}]},{\"@type\":\"WebSite\",\"@id\":\"https:\/\/bc-it.ch\/en\/#website\",\"url\":\"https:\/\/bc-it.ch\/en\/\",\"name\":\"BC IT AG\",\"description\":\"Finanz-Beratung\",\"potentialAction\":[{\"@type\":\"SearchAction\",\"target\":{\"@type\":\"EntryPoint\",\"urlTemplate\":\"https:\/\/bc-it.ch\/en\/?s={search_term_string}\"},\"query-input\":\"required name=search_term_string\"}],\"inLanguage\":\"fr-FR\"}]}<\/script>\n<!-- \/ Yoast SEO plugin. -->","yoast_head_json":{"title":"Planification Financi\u00e8re B\u00e2le Suisse BC IT AG","description":"La planification financi\u00e8re \u00e0 court, moyen et long terme est une base importante pour la prise de d\u00e9cision et la mise en \u0153uvre de la planification.","robots":{"index":"index","follow":"follow","max-snippet":"max-snippet:-1","max-image-preview":"max-image-preview:large","max-video-preview":"max-video-preview:-1"},"canonical":"https:\/\/bc-it.ch\/fr\/clientele-daffaires\/planification-financiere\/","og_locale":"fr_FR","og_type":"article","og_title":"Planification Financi\u00e8re B\u00e2le Suisse BC IT AG","og_description":"La planification financi\u00e8re \u00e0 court, moyen et long terme est une base importante pour la prise de d\u00e9cision et la mise en \u0153uvre de la planification.","og_url":"https:\/\/bc-it.ch\/fr\/clientele-daffaires\/planification-financiere\/","og_site_name":"BC IT AG","article_modified_time":"2021-04-07T17:11:59+00:00","twitter_card":"summary_large_image","twitter_misc":{"Dur\u00e9e de lecture est.":"1 minute"},"schema":{"@context":"https:\/\/schema.org","@graph":[{"@type":"WebPage","@id":"https:\/\/bc-it.ch\/fr\/clientele-daffaires\/planification-financiere\/","url":"https:\/\/bc-it.ch\/fr\/clientele-daffaires\/planification-financiere\/","name":"Planification Financi\u00e8re B\u00e2le Suisse BC IT AG","isPartOf":{"@id":"https:\/\/bc-it.ch\/en\/#website"},"datePublished":"2021-01-28T09:14:20+00:00","dateModified":"2021-04-07T17:11:59+00:00","description":"La planification financi\u00e8re \u00e0 court, moyen et long terme est une base importante pour la prise de d\u00e9cision et la mise en \u0153uvre de la planification.","breadcrumb":{"@id":"https:\/\/bc-it.ch\/fr\/clientele-daffaires\/planification-financiere\/#breadcrumb"},"inLanguage":"fr-FR","potentialAction":[{"@type":"ReadAction","target":["https:\/\/bc-it.ch\/fr\/clientele-daffaires\/planification-financiere\/"]}]},{"@type":"BreadcrumbList","@id":"https:\/\/bc-it.ch\/fr\/clientele-daffaires\/planification-financiere\/#breadcrumb","itemListElement":[{"@type":"ListItem","position":1,"name":"Client\u00e8le d\u2019affaires","item":"https:\/\/bc-it.ch\/fr\/clientele-daffaires\/"},{"@type":"ListItem","position":2,"name":"Planification Financi\u00e8re"}]},{"@type":"WebSite","@id":"https:\/\/bc-it.ch\/en\/#website","url":"https:\/\/bc-it.ch\/en\/","name":"BC IT AG","description":"Finanz-Beratung","potentialAction":[{"@type":"SearchAction","target":{"@type":"EntryPoint","urlTemplate":"https:\/\/bc-it.ch\/en\/?s={search_term_string}"},"query-input":"required name=search_term_string"}],"inLanguage":"fr-FR"}]}},"_links":{"self":[{"href":"https:\/\/bc-it.ch\/fr\/wp-json\/wp\/v2\/pages\/390"}],"collection":[{"href":"https:\/\/bc-it.ch\/fr\/wp-json\/wp\/v2\/pages"}],"about":[{"href":"https:\/\/bc-it.ch\/fr\/wp-json\/wp\/v2\/types\/page"}],"author":[{"embeddable":true,"href":"https:\/\/bc-it.ch\/fr\/wp-json\/wp\/v2\/users\/1"}],"replies":[{"embeddable":true,"href":"https:\/\/bc-it.ch\/fr\/wp-json\/wp\/v2\/comments?post=390"}],"version-history":[{"count":2,"href":"https:\/\/bc-it.ch\/fr\/wp-json\/wp\/v2\/pages\/390\/revisions"}],"predecessor-version":[{"id":514,"href":"https:\/\/bc-it.ch\/fr\/wp-json\/wp\/v2\/pages\/390\/revisions\/514"}],"up":[{"embeddable":true,"href":"https:\/\/bc-it.ch\/fr\/wp-json\/wp\/v2\/pages\/377"}],"wp:attachment":[{"href":"https:\/\/bc-it.ch\/fr\/wp-json\/wp\/v2\/media?parent=390"}],"curies":[{"name":"wp","href":"https:\/\/api.w.org\/{rel}","templated":true}]}}