{"id":396,"date":"2021-01-28T10:14:56","date_gmt":"2021-01-28T09:14:56","guid":{"rendered":"http:\/\/bcit.cyon.site\/clientele-daffaires\/immobilienverwaltung-basel\/"},"modified":"2021-04-07T19:12:34","modified_gmt":"2021-04-07T17:12:34","slug":"gestion-de-biens","status":"publish","type":"page","link":"https:\/\/bc-it.ch\/fr\/clientele-daffaires\/gestion-de-biens\/","title":{"rendered":"Gestion de biens"},"content":{"rendered":"<p>La gestion de biens immobiliers n\u00e9cessite des ressources que vous pourriez utiliser pour vos activit\u00e9s quotidiennes. En tant que fiduciaires immobiliers exp\u00e9riment\u00e9s, nous pouvons vous soulager de la pression. Nous nous chargeons volontiers de la gestion administrative et comptable de vos biens immobiliers.<\/p>\n<h3 class=\"heading-left divider-sm\">Nous vous proposons les services suivants<\/h3>\n<ul>\n<li>Gestion de biens<\/li>\n<li>Comptabilit\u00e9 immobili\u00e8re<\/li>\n<li>Factures de services<\/li>\n<li>Contr\u00f4le des loyers (collecte)<\/li>\n<li>Obtention d\u2019offres<\/li>\n<li>Fiscalit\u00e9 immobili\u00e8re (imp\u00f4t sur les plus-values immobili\u00e8res, changement de propri\u00e9taire, etc.)<\/li>\n<li>\u00c0 B\u00e2le, B\u00e2le-Campagne et dans toute la Suisse.<\/li>\n<\/ul>\n","protected":false},"excerpt":{"rendered":"<p>La gestion de biens immobiliers n\u00e9cessite des ressources que vous pourriez utiliser pour vos activit\u00e9s quotidiennes. En tant que fiduciaires immobiliers exp\u00e9riment\u00e9s, nous pouvons vous soulager de la pression. Nous nous chargeons volontiers de la gestion administrative et comptable de vos biens immobiliers. Nous vous proposons les services suivants Gestion de biens Comptabilit\u00e9 immobili\u00e8re Factures [&#8230;]<\/p>\n<p><a class=\"btn btn-secondary bcit-read-more-link\" href=\"https:\/\/bc-it.ch\/fr\/clientele-daffaires\/gestion-de-biens\/\">Lire la suite&#8230;<\/a><\/p>\n","protected":false},"author":1,"featured_media":0,"parent":377,"menu_order":6,"comment_status":"closed","ping_status":"closed","template":"","meta":{"footnotes":""},"yoast_head":"<!-- This site is optimized with the Yoast SEO plugin v19.9 - https:\/\/yoast.com\/wordpress\/plugins\/seo\/ -->\n<title>Gestion de Biens Immobiliers - BC IT AG B\u00e2le<\/title>\n<meta name=\"description\" content=\"Nous nous chargeons volontiers de la gestion administrative et comptable de vos biens immobiliers.\" \/>\n<meta name=\"robots\" content=\"index, follow, max-snippet:-1, max-image-preview:large, max-video-preview:-1\" \/>\n<link rel=\"canonical\" href=\"https:\/\/bc-it.ch\/fr\/clientele-daffaires\/gestion-de-biens\/\" \/>\n<meta property=\"og:locale\" content=\"fr_FR\" \/>\n<meta property=\"og:type\" content=\"article\" \/>\n<meta property=\"og:title\" content=\"Gestion de Biens Immobiliers - BC IT AG B\u00e2le\" \/>\n<meta property=\"og:description\" content=\"Nous nous chargeons volontiers de la gestion administrative et comptable de vos biens immobiliers.\" \/>\n<meta property=\"og:url\" content=\"https:\/\/bc-it.ch\/fr\/clientele-daffaires\/gestion-de-biens\/\" \/>\n<meta property=\"og:site_name\" content=\"BC IT AG\" \/>\n<meta property=\"article:modified_time\" content=\"2021-04-07T17:12:34+00:00\" \/>\n<meta name=\"twitter:card\" content=\"summary_large_image\" \/>\n<meta name=\"twitter:label1\" content=\"Dur\u00e9e de lecture est.\" \/>\n\t<meta name=\"twitter:data1\" content=\"1 minute\" \/>\n<script type=\"application\/ld+json\" class=\"yoast-schema-graph\">{\"@context\":\"https:\/\/schema.org\",\"@graph\":[{\"@type\":\"WebPage\",\"@id\":\"https:\/\/bc-it.ch\/fr\/clientele-daffaires\/gestion-de-biens\/\",\"url\":\"https:\/\/bc-it.ch\/fr\/clientele-daffaires\/gestion-de-biens\/\",\"name\":\"Gestion de Biens Immobiliers - BC IT AG B\u00e2le\",\"isPartOf\":{\"@id\":\"https:\/\/bc-it.ch\/en\/#website\"},\"datePublished\":\"2021-01-28T09:14:56+00:00\",\"dateModified\":\"2021-04-07T17:12:34+00:00\",\"description\":\"Nous nous chargeons volontiers de la gestion administrative et comptable de vos biens immobiliers.\",\"breadcrumb\":{\"@id\":\"https:\/\/bc-it.ch\/fr\/clientele-daffaires\/gestion-de-biens\/#breadcrumb\"},\"inLanguage\":\"fr-FR\",\"potentialAction\":[{\"@type\":\"ReadAction\",\"target\":[\"https:\/\/bc-it.ch\/fr\/clientele-daffaires\/gestion-de-biens\/\"]}]},{\"@type\":\"BreadcrumbList\",\"@id\":\"https:\/\/bc-it.ch\/fr\/clientele-daffaires\/gestion-de-biens\/#breadcrumb\",\"itemListElement\":[{\"@type\":\"ListItem\",\"position\":1,\"name\":\"Client\u00e8le d\u2019affaires\",\"item\":\"https:\/\/bc-it.ch\/fr\/clientele-daffaires\/\"},{\"@type\":\"ListItem\",\"position\":2,\"name\":\"Gestion de biens\"}]},{\"@type\":\"WebSite\",\"@id\":\"https:\/\/bc-it.ch\/en\/#website\",\"url\":\"https:\/\/bc-it.ch\/en\/\",\"name\":\"BC IT AG\",\"description\":\"Finanz-Beratung\",\"potentialAction\":[{\"@type\":\"SearchAction\",\"target\":{\"@type\":\"EntryPoint\",\"urlTemplate\":\"https:\/\/bc-it.ch\/en\/?s={search_term_string}\"},\"query-input\":\"required name=search_term_string\"}],\"inLanguage\":\"fr-FR\"}]}<\/script>\n<!-- \/ Yoast SEO plugin. -->","yoast_head_json":{"title":"Gestion de Biens Immobiliers - BC IT AG B\u00e2le","description":"Nous nous chargeons volontiers de la gestion administrative et comptable de vos biens immobiliers.","robots":{"index":"index","follow":"follow","max-snippet":"max-snippet:-1","max-image-preview":"max-image-preview:large","max-video-preview":"max-video-preview:-1"},"canonical":"https:\/\/bc-it.ch\/fr\/clientele-daffaires\/gestion-de-biens\/","og_locale":"fr_FR","og_type":"article","og_title":"Gestion de Biens Immobiliers - BC IT AG B\u00e2le","og_description":"Nous nous chargeons volontiers de la gestion administrative et comptable de vos biens immobiliers.","og_url":"https:\/\/bc-it.ch\/fr\/clientele-daffaires\/gestion-de-biens\/","og_site_name":"BC IT AG","article_modified_time":"2021-04-07T17:12:34+00:00","twitter_card":"summary_large_image","twitter_misc":{"Dur\u00e9e de lecture est.":"1 minute"},"schema":{"@context":"https:\/\/schema.org","@graph":[{"@type":"WebPage","@id":"https:\/\/bc-it.ch\/fr\/clientele-daffaires\/gestion-de-biens\/","url":"https:\/\/bc-it.ch\/fr\/clientele-daffaires\/gestion-de-biens\/","name":"Gestion de Biens Immobiliers - BC IT AG B\u00e2le","isPartOf":{"@id":"https:\/\/bc-it.ch\/en\/#website"},"datePublished":"2021-01-28T09:14:56+00:00","dateModified":"2021-04-07T17:12:34+00:00","description":"Nous nous chargeons volontiers de la gestion administrative et comptable de vos biens immobiliers.","breadcrumb":{"@id":"https:\/\/bc-it.ch\/fr\/clientele-daffaires\/gestion-de-biens\/#breadcrumb"},"inLanguage":"fr-FR","potentialAction":[{"@type":"ReadAction","target":["https:\/\/bc-it.ch\/fr\/clientele-daffaires\/gestion-de-biens\/"]}]},{"@type":"BreadcrumbList","@id":"https:\/\/bc-it.ch\/fr\/clientele-daffaires\/gestion-de-biens\/#breadcrumb","itemListElement":[{"@type":"ListItem","position":1,"name":"Client\u00e8le d\u2019affaires","item":"https:\/\/bc-it.ch\/fr\/clientele-daffaires\/"},{"@type":"ListItem","position":2,"name":"Gestion de biens"}]},{"@type":"WebSite","@id":"https:\/\/bc-it.ch\/en\/#website","url":"https:\/\/bc-it.ch\/en\/","name":"BC IT AG","description":"Finanz-Beratung","potentialAction":[{"@type":"SearchAction","target":{"@type":"EntryPoint","urlTemplate":"https:\/\/bc-it.ch\/en\/?s={search_term_string}"},"query-input":"required name=search_term_string"}],"inLanguage":"fr-FR"}]}},"_links":{"self":[{"href":"https:\/\/bc-it.ch\/fr\/wp-json\/wp\/v2\/pages\/396"}],"collection":[{"href":"https:\/\/bc-it.ch\/fr\/wp-json\/wp\/v2\/pages"}],"about":[{"href":"https:\/\/bc-it.ch\/fr\/wp-json\/wp\/v2\/types\/page"}],"author":[{"embeddable":true,"href":"https:\/\/bc-it.ch\/fr\/wp-json\/wp\/v2\/users\/1"}],"replies":[{"embeddable":true,"href":"https:\/\/bc-it.ch\/fr\/wp-json\/wp\/v2\/comments?post=396"}],"version-history":[{"count":2,"href":"https:\/\/bc-it.ch\/fr\/wp-json\/wp\/v2\/pages\/396\/revisions"}],"predecessor-version":[{"id":398,"href":"https:\/\/bc-it.ch\/fr\/wp-json\/wp\/v2\/pages\/396\/revisions\/398"}],"up":[{"embeddable":true,"href":"https:\/\/bc-it.ch\/fr\/wp-json\/wp\/v2\/pages\/377"}],"wp:attachment":[{"href":"https:\/\/bc-it.ch\/fr\/wp-json\/wp\/v2\/media?parent=396"}],"curies":[{"name":"wp","href":"https:\/\/api.w.org\/{rel}","templated":true}]}}