{"id":400,"date":"2021-01-28T10:15:14","date_gmt":"2021-01-28T09:15:14","guid":{"rendered":"http:\/\/bcit.cyon.site\/privatkunden\/"},"modified":"2021-09-20T19:31:15","modified_gmt":"2021-09-20T17:31:15","slug":"clientele-privee","status":"publish","type":"page","link":"https:\/\/bc-it.ch\/fr\/clientele-privee\/","title":{"rendered":"Client\u00e8le priv\u00e9e"},"content":{"rendered":"<h3>Services fiduciaires pour notre client\u00e8le priv\u00e9e<\/h3>\n<p>Nous vous offrons des services fiduciaires concernant le travail, la r\u00e9sidence et la vie. Il est important pour nous que vous vous sentiez bien conseill\u00e9 et bien accompagn\u00e9. C\u2019est pour cette raison que nos fiduciaires s\u2019engagent personnellement et travaillent pour vous au-del\u00e0 de leurs comp\u00e9tences de base.<\/p>\n<h3>Sp\u00e9cialement pour les expatri\u00e9s et les impatri\u00e9s<\/h3>\n<p>Nous sommes le partenaire id\u00e9al pour les expatri\u00e9s et les impatri\u00e9s. Nous parlons fran\u00e7ais, allemand, anglais et et connaissons les exigences particuli\u00e8res des d\u00e9clarations fiscales. Avec BC IT SA, les expatri\u00e9s qui deviennent des impatri\u00e9s b\u00e9n\u00e9ficient du soutien continu d\u2019une personne de contact.<\/p>\n<h3>Tenue de la comptabilit\u00e9<\/h3>\n<p>Pour la budg\u00e9tisation de l\u2019exercice suivant et comme base de la d\u00e9claration fiscale, une comptabilit\u00e9 compl\u00e8te pour les particuliers et les soci\u00e9t\u00e9s simples est utile.<br \/>\nEn tant que fiduciaires exp\u00e9riment\u00e9s, nous vous conseillons sur toutes les questions relatives \u00e0 votre comptabilit\u00e9. Nous nous chargeons volontiers de votre comptabilit\u00e9 compl\u00e8te avec soin et ponctualit\u00e9.<\/p>\n<h3>Remplir la d\u00e9claration de revenus<\/h3>\n<p>Que faut-il inscrire et o\u00f9 ? Quelles sont les d\u00e9ductions permises ? Dois-je pr\u00e9ciser l\u2019h\u00e9ritage ? Remplir la d\u00e9claration de revenus annuelle peut \u00eatre un d\u00e9fi et se fait souvent \u00e0 la derni\u00e8re minute.<br \/>\nEn tant que fiduciaires exp\u00e9riment\u00e9s, nous vous conseillons sur toutes les questions relatives \u00e0 votre d\u00e9claration de revenus. Nous remplissons la d\u00e9claration d\u2019imp\u00f4ts pour vous et soumettons tous les documents \u00e0 l\u2019administration fiscale dans les d\u00e9lais impartis. Nos experts connaissent toutes vos possibilit\u00e9s de d\u00e9duction fiscale et minimisent ainsi votre charge.<\/p>\n<h3>Soutien \u00e0 la planification financi\u00e8re<\/h3>\n<p>La clarification des possibilit\u00e9s financi\u00e8res et une planification appropri\u00e9e sont \u00e9galement utiles pour les particuliers et les soci\u00e9t\u00e9s simples. Souhaitez-vous faire un achat important ? Ou avez-vous h\u00e9rit\u00e9 d\u2019une propri\u00e9t\u00e9 et aimeriez-vous utiliser l\u2019argent pour l\u2019acheter ?<br \/>\nEn tant que fiduciaires exp\u00e9riment\u00e9s, nous vous conseillons sur les questions de budget et de financement. Nous clarifions les possibilit\u00e9s de financement de votre projet et vous accompagnons activement dans la recherche de fonds externes.<\/p>\n<h3>Nous vous proposons les services suivants<\/h3>\n<ul>\n<li>Comptabilit\u00e9 et d\u00e9claration fiscale<\/li>\n<li>Assistance juridique<\/li>\n<li>R\u00e9vision des contrats de travail\/assurance<\/li>\n<li>Communication avec les autorit\u00e9s et les partenaires contractuels<\/li>\n<li>Ex\u00e9cution des formalit\u00e9s<\/li>\n<li>Accompagnement et repr\u00e9sentation dans les relations avec les autorit\u00e9s<\/li>\n<li>M\u00e9diation d\u2019un bien immobilier appropri\u00e9<\/li>\n<\/ul>\n<p>Nous offrons des services fiduciaires pour Suisse Romande, Gen\u00e8ve et Lausanne.<\/p>\n","protected":false},"excerpt":{"rendered":"<p>Services fiduciaires pour notre client\u00e8le priv\u00e9e Nous vous offrons des services fiduciaires concernant le travail, la r\u00e9sidence et la vie. Il est important pour nous que vous vous sentiez bien conseill\u00e9 et bien accompagn\u00e9. C\u2019est pour cette raison que nos fiduciaires s\u2019engagent personnellement et travaillent pour vous au-del\u00e0 de leurs comp\u00e9tences de base. Sp\u00e9cialement pour [&#8230;]<\/p>\n<p><a class=\"btn btn-secondary bcit-read-more-link\" href=\"https:\/\/bc-it.ch\/fr\/clientele-privee\/\">Lire la suite&#8230;<\/a><\/p>\n","protected":false},"author":1,"featured_media":0,"parent":0,"menu_order":2,"comment_status":"closed","ping_status":"closed","template":"","meta":{"footnotes":""},"yoast_head":"<!-- This site is optimized with the Yoast SEO plugin v19.9 - https:\/\/yoast.com\/wordpress\/plugins\/seo\/ -->\n<title>Services Fiduciaires pour notre Client\u00e8le Priv\u00e9e- BC IT SA<\/title>\n<meta name=\"description\" content=\"Nous vous offrons des services fiduciaires concernant le travail, la r\u00e9sidence et la vie. Nous sommes le partenaire id\u00e9al pour les expatri\u00e9s et les impatri\u00e9s.\" \/>\n<meta name=\"robots\" content=\"index, follow, max-snippet:-1, max-image-preview:large, max-video-preview:-1\" \/>\n<link rel=\"canonical\" href=\"https:\/\/bc-it.ch\/fr\/clientele-privee\/\" \/>\n<meta property=\"og:locale\" content=\"fr_FR\" \/>\n<meta property=\"og:type\" content=\"article\" \/>\n<meta property=\"og:title\" content=\"Services Fiduciaires pour notre Client\u00e8le Priv\u00e9e- BC IT SA\" \/>\n<meta property=\"og:description\" content=\"Nous vous offrons des services fiduciaires concernant le travail, la r\u00e9sidence et la vie. Nous sommes le partenaire id\u00e9al pour les expatri\u00e9s et les impatri\u00e9s.\" \/>\n<meta property=\"og:url\" content=\"https:\/\/bc-it.ch\/fr\/clientele-privee\/\" \/>\n<meta property=\"og:site_name\" content=\"BC IT AG\" \/>\n<meta property=\"article:modified_time\" content=\"2021-09-20T17:31:15+00:00\" \/>\n<meta name=\"twitter:card\" content=\"summary_large_image\" \/>\n<meta name=\"twitter:label1\" content=\"Dur\u00e9e de lecture est.\" \/>\n\t<meta name=\"twitter:data1\" content=\"2 minutes\" \/>\n<script type=\"application\/ld+json\" class=\"yoast-schema-graph\">{\"@context\":\"https:\/\/schema.org\",\"@graph\":[{\"@type\":\"WebPage\",\"@id\":\"https:\/\/bc-it.ch\/fr\/clientele-privee\/\",\"url\":\"https:\/\/bc-it.ch\/fr\/clientele-privee\/\",\"name\":\"Services Fiduciaires pour notre Client\u00e8le Priv\u00e9e- BC IT SA\",\"isPartOf\":{\"@id\":\"https:\/\/bc-it.ch\/en\/#website\"},\"datePublished\":\"2021-01-28T09:15:14+00:00\",\"dateModified\":\"2021-09-20T17:31:15+00:00\",\"description\":\"Nous vous offrons des services fiduciaires concernant le travail, la r\u00e9sidence et la vie. Nous sommes le partenaire id\u00e9al pour les expatri\u00e9s et les impatri\u00e9s.\",\"inLanguage\":\"fr-FR\",\"potentialAction\":[{\"@type\":\"ReadAction\",\"target\":[\"https:\/\/bc-it.ch\/fr\/clientele-privee\/\"]}]},{\"@type\":\"WebSite\",\"@id\":\"https:\/\/bc-it.ch\/en\/#website\",\"url\":\"https:\/\/bc-it.ch\/en\/\",\"name\":\"BC IT AG\",\"description\":\"Finanz-Beratung\",\"potentialAction\":[{\"@type\":\"SearchAction\",\"target\":{\"@type\":\"EntryPoint\",\"urlTemplate\":\"https:\/\/bc-it.ch\/en\/?s={search_term_string}\"},\"query-input\":\"required name=search_term_string\"}],\"inLanguage\":\"fr-FR\"}]}<\/script>\n<!-- \/ Yoast SEO plugin. -->","yoast_head_json":{"title":"Services Fiduciaires pour notre Client\u00e8le Priv\u00e9e- BC IT SA","description":"Nous vous offrons des services fiduciaires concernant le travail, la r\u00e9sidence et la vie. Nous sommes le partenaire id\u00e9al pour les expatri\u00e9s et les impatri\u00e9s.","robots":{"index":"index","follow":"follow","max-snippet":"max-snippet:-1","max-image-preview":"max-image-preview:large","max-video-preview":"max-video-preview:-1"},"canonical":"https:\/\/bc-it.ch\/fr\/clientele-privee\/","og_locale":"fr_FR","og_type":"article","og_title":"Services Fiduciaires pour notre Client\u00e8le Priv\u00e9e- BC IT SA","og_description":"Nous vous offrons des services fiduciaires concernant le travail, la r\u00e9sidence et la vie. Nous sommes le partenaire id\u00e9al pour les expatri\u00e9s et les impatri\u00e9s.","og_url":"https:\/\/bc-it.ch\/fr\/clientele-privee\/","og_site_name":"BC IT AG","article_modified_time":"2021-09-20T17:31:15+00:00","twitter_card":"summary_large_image","twitter_misc":{"Dur\u00e9e de lecture est.":"2 minutes"},"schema":{"@context":"https:\/\/schema.org","@graph":[{"@type":"WebPage","@id":"https:\/\/bc-it.ch\/fr\/clientele-privee\/","url":"https:\/\/bc-it.ch\/fr\/clientele-privee\/","name":"Services Fiduciaires pour notre Client\u00e8le Priv\u00e9e- BC IT SA","isPartOf":{"@id":"https:\/\/bc-it.ch\/en\/#website"},"datePublished":"2021-01-28T09:15:14+00:00","dateModified":"2021-09-20T17:31:15+00:00","description":"Nous vous offrons des services fiduciaires concernant le travail, la r\u00e9sidence et la vie. Nous sommes le partenaire id\u00e9al pour les expatri\u00e9s et les impatri\u00e9s.","inLanguage":"fr-FR","potentialAction":[{"@type":"ReadAction","target":["https:\/\/bc-it.ch\/fr\/clientele-privee\/"]}]},{"@type":"WebSite","@id":"https:\/\/bc-it.ch\/en\/#website","url":"https:\/\/bc-it.ch\/en\/","name":"BC IT AG","description":"Finanz-Beratung","potentialAction":[{"@type":"SearchAction","target":{"@type":"EntryPoint","urlTemplate":"https:\/\/bc-it.ch\/en\/?s={search_term_string}"},"query-input":"required name=search_term_string"}],"inLanguage":"fr-FR"}]}},"_links":{"self":[{"href":"https:\/\/bc-it.ch\/fr\/wp-json\/wp\/v2\/pages\/400"}],"collection":[{"href":"https:\/\/bc-it.ch\/fr\/wp-json\/wp\/v2\/pages"}],"about":[{"href":"https:\/\/bc-it.ch\/fr\/wp-json\/wp\/v2\/types\/page"}],"author":[{"embeddable":true,"href":"https:\/\/bc-it.ch\/fr\/wp-json\/wp\/v2\/users\/1"}],"replies":[{"embeddable":true,"href":"https:\/\/bc-it.ch\/fr\/wp-json\/wp\/v2\/comments?post=400"}],"version-history":[{"count":4,"href":"https:\/\/bc-it.ch\/fr\/wp-json\/wp\/v2\/pages\/400\/revisions"}],"predecessor-version":[{"id":718,"href":"https:\/\/bc-it.ch\/fr\/wp-json\/wp\/v2\/pages\/400\/revisions\/718"}],"wp:attachment":[{"href":"https:\/\/bc-it.ch\/fr\/wp-json\/wp\/v2\/media?parent=400"}],"curies":[{"name":"wp","href":"https:\/\/api.w.org\/{rel}","templated":true}]}}