{"id":404,"date":"2021-01-28T10:15:38","date_gmt":"2021-01-28T09:15:38","guid":{"rendered":"http:\/\/bcit.cyon.site\/clientele-privee\/steuerklaerung\/"},"modified":"2021-09-20T19:23:48","modified_gmt":"2021-09-20T17:23:48","slug":"declaration-fiscale","status":"publish","type":"page","link":"https:\/\/bc-it.ch\/fr\/clientele-privee\/declaration-fiscale\/","title":{"rendered":"D\u00e9claration fiscale"},"content":{"rendered":"<p>D\u00e9claration fiscale pour toute la Suisse, Suisse romande, Gen\u00e8ve et Lausanne \u00e0 remplir \u00e0 un taux avantageux. Nous remplissons la d\u00e9claration d\u2019imp\u00f4ts pour vous et soumettons tous les documents \u00e0 l\u2019administration fiscale dans les d\u00e9lais impartis. Nous optimisons la fiscalit\u00e9 et minimisons ainsi vos imp\u00f4ts.<\/p>\n<h3>Nos services de conseil fiscal<\/h3>\n<ul>\n<li>Faire remplir la d\u00e9claration d\u2019imp\u00f4t 2022<\/li>\n<li>Ajustements continus \u00e0 la r\u00e9glementation<\/li>\n<li>D\u00e9duire tous les co\u00fbts des taxes<\/li>\n<li>Conseil fiscal<\/li>\n<\/ul>\n<h3>Notre service pour :<\/h3>\n<ul>\n<li>Employ\u00e9s<\/li>\n<li>Travailleurs ind\u00e9pendants<\/li>\n<li>Propri\u00e9taires immobiliers<\/li>\n<\/ul>\n<h3>Documents fiscaux que vous devrez nous fournir<\/h3>\n<ul>\n<li>Certificat de salaire<\/li>\n<li>Rapports sur les int\u00e9r\u00eats et le capital<\/li>\n<li>Aper\u00e7u du compte D\u00e9p\u00f4t<\/li>\n<li>Valeur cadastrale de votre propri\u00e9t\u00e9<\/li>\n<li>Co\u00fbts d\u2019entretien des biens immobiliers<\/li>\n<li>Facturation possible de l\u2019\u00e9cole de jour<\/li>\n<li>Frais d\u2019int\u00e9r\u00eat hypoth\u00e9caire<\/li>\n<li>Paiements d\u2019int\u00e9r\u00eats Pr\u00eats et cartes de cr\u00e9dit<\/li>\n<li>Attestation fiscale 3e pilier<\/li>\n<li>Frais m\u00e9dicaux<\/li>\n<li>Co\u00fbts des transports publics<\/li>\n<li>Paiements et cadeaux \u00e0 des proches<\/li>\n<li>Paiements \u00e0 des organismes de bienfaisance (ONG)<\/li>\n<\/ul>\n","protected":false},"excerpt":{"rendered":"<p>D\u00e9claration fiscale pour toute la Suisse, Suisse romande, Gen\u00e8ve et Lausanne \u00e0 remplir \u00e0 un taux avantageux. Nous remplissons la d\u00e9claration d\u2019imp\u00f4ts pour vous et soumettons tous les documents \u00e0 l\u2019administration fiscale dans les d\u00e9lais impartis. Nous optimisons la fiscalit\u00e9 et minimisons ainsi vos imp\u00f4ts. Nos services de conseil fiscal Faire remplir la d\u00e9claration d\u2019imp\u00f4t [&#8230;]<\/p>\n<p><a class=\"btn btn-secondary bcit-read-more-link\" href=\"https:\/\/bc-it.ch\/fr\/clientele-privee\/declaration-fiscale\/\">Lire la suite&#8230;<\/a><\/p>\n","protected":false},"author":1,"featured_media":0,"parent":400,"menu_order":1,"comment_status":"closed","ping_status":"closed","template":"","meta":{"footnotes":""},"yoast_head":"<!-- This site is optimized with the Yoast SEO plugin v19.9 - https:\/\/yoast.com\/wordpress\/plugins\/seo\/ -->\n<title>Services Fiduciaires, D\u00e9clarations Fiscales Suisse - BC IT AG<\/title>\n<meta name=\"description\" content=\"Nous parlons fran\u00e7ais, allemand, anglais et connaissons les exigences particuli\u00e8res des d\u00e9clarations fiscales, services fiduciaires concernant le travail, la r\u00e9sidence et la vie.\" \/>\n<meta name=\"robots\" content=\"index, follow, max-snippet:-1, max-image-preview:large, max-video-preview:-1\" \/>\n<link rel=\"canonical\" href=\"https:\/\/bc-it.ch\/fr\/clientele-privee\/declaration-fiscale\/\" \/>\n<meta property=\"og:locale\" content=\"fr_FR\" \/>\n<meta property=\"og:type\" content=\"article\" \/>\n<meta property=\"og:title\" content=\"Services Fiduciaires, D\u00e9clarations Fiscales Suisse - BC IT AG\" \/>\n<meta property=\"og:description\" content=\"Nous parlons fran\u00e7ais, allemand, anglais et connaissons les exigences particuli\u00e8res des d\u00e9clarations fiscales, services fiduciaires concernant le travail, la r\u00e9sidence et la vie.\" \/>\n<meta property=\"og:url\" content=\"https:\/\/bc-it.ch\/fr\/clientele-privee\/declaration-fiscale\/\" \/>\n<meta property=\"og:site_name\" content=\"BC IT AG\" \/>\n<meta property=\"article:modified_time\" content=\"2021-09-20T17:23:48+00:00\" \/>\n<meta name=\"twitter:card\" content=\"summary_large_image\" \/>\n<meta name=\"twitter:label1\" content=\"Dur\u00e9e de lecture est.\" \/>\n\t<meta name=\"twitter:data1\" content=\"1 minute\" \/>\n<script type=\"application\/ld+json\" class=\"yoast-schema-graph\">{\"@context\":\"https:\/\/schema.org\",\"@graph\":[{\"@type\":\"WebPage\",\"@id\":\"https:\/\/bc-it.ch\/fr\/clientele-privee\/declaration-fiscale\/\",\"url\":\"https:\/\/bc-it.ch\/fr\/clientele-privee\/declaration-fiscale\/\",\"name\":\"Services Fiduciaires, D\u00e9clarations Fiscales Suisse - BC IT AG\",\"isPartOf\":{\"@id\":\"https:\/\/bc-it.ch\/en\/#website\"},\"datePublished\":\"2021-01-28T09:15:38+00:00\",\"dateModified\":\"2021-09-20T17:23:48+00:00\",\"description\":\"Nous parlons fran\u00e7ais, allemand, anglais et connaissons les exigences particuli\u00e8res des d\u00e9clarations fiscales, services fiduciaires concernant le travail, la r\u00e9sidence et la vie.\",\"breadcrumb\":{\"@id\":\"https:\/\/bc-it.ch\/fr\/clientele-privee\/declaration-fiscale\/#breadcrumb\"},\"inLanguage\":\"fr-FR\",\"potentialAction\":[{\"@type\":\"ReadAction\",\"target\":[\"https:\/\/bc-it.ch\/fr\/clientele-privee\/declaration-fiscale\/\"]}]},{\"@type\":\"BreadcrumbList\",\"@id\":\"https:\/\/bc-it.ch\/fr\/clientele-privee\/declaration-fiscale\/#breadcrumb\",\"itemListElement\":[{\"@type\":\"ListItem\",\"position\":1,\"name\":\"Client\u00e8le priv\u00e9e\",\"item\":\"https:\/\/bc-it.ch\/fr\/clientele-privee\/\"},{\"@type\":\"ListItem\",\"position\":2,\"name\":\"D\u00e9claration fiscale\"}]},{\"@type\":\"WebSite\",\"@id\":\"https:\/\/bc-it.ch\/en\/#website\",\"url\":\"https:\/\/bc-it.ch\/en\/\",\"name\":\"BC IT AG\",\"description\":\"Finanz-Beratung\",\"potentialAction\":[{\"@type\":\"SearchAction\",\"target\":{\"@type\":\"EntryPoint\",\"urlTemplate\":\"https:\/\/bc-it.ch\/en\/?s={search_term_string}\"},\"query-input\":\"required name=search_term_string\"}],\"inLanguage\":\"fr-FR\"}]}<\/script>\n<!-- \/ Yoast SEO plugin. -->","yoast_head_json":{"title":"Services Fiduciaires, D\u00e9clarations Fiscales Suisse - BC IT AG","description":"Nous parlons fran\u00e7ais, allemand, anglais et connaissons les exigences particuli\u00e8res des d\u00e9clarations fiscales, services fiduciaires concernant le travail, la r\u00e9sidence et la vie.","robots":{"index":"index","follow":"follow","max-snippet":"max-snippet:-1","max-image-preview":"max-image-preview:large","max-video-preview":"max-video-preview:-1"},"canonical":"https:\/\/bc-it.ch\/fr\/clientele-privee\/declaration-fiscale\/","og_locale":"fr_FR","og_type":"article","og_title":"Services Fiduciaires, D\u00e9clarations Fiscales Suisse - BC IT AG","og_description":"Nous parlons fran\u00e7ais, allemand, anglais et connaissons les exigences particuli\u00e8res des d\u00e9clarations fiscales, services fiduciaires concernant le travail, la r\u00e9sidence et la vie.","og_url":"https:\/\/bc-it.ch\/fr\/clientele-privee\/declaration-fiscale\/","og_site_name":"BC IT AG","article_modified_time":"2021-09-20T17:23:48+00:00","twitter_card":"summary_large_image","twitter_misc":{"Dur\u00e9e de lecture est.":"1 minute"},"schema":{"@context":"https:\/\/schema.org","@graph":[{"@type":"WebPage","@id":"https:\/\/bc-it.ch\/fr\/clientele-privee\/declaration-fiscale\/","url":"https:\/\/bc-it.ch\/fr\/clientele-privee\/declaration-fiscale\/","name":"Services Fiduciaires, D\u00e9clarations Fiscales Suisse - BC IT AG","isPartOf":{"@id":"https:\/\/bc-it.ch\/en\/#website"},"datePublished":"2021-01-28T09:15:38+00:00","dateModified":"2021-09-20T17:23:48+00:00","description":"Nous parlons fran\u00e7ais, allemand, anglais et connaissons les exigences particuli\u00e8res des d\u00e9clarations fiscales, services fiduciaires concernant le travail, la r\u00e9sidence et la vie.","breadcrumb":{"@id":"https:\/\/bc-it.ch\/fr\/clientele-privee\/declaration-fiscale\/#breadcrumb"},"inLanguage":"fr-FR","potentialAction":[{"@type":"ReadAction","target":["https:\/\/bc-it.ch\/fr\/clientele-privee\/declaration-fiscale\/"]}]},{"@type":"BreadcrumbList","@id":"https:\/\/bc-it.ch\/fr\/clientele-privee\/declaration-fiscale\/#breadcrumb","itemListElement":[{"@type":"ListItem","position":1,"name":"Client\u00e8le priv\u00e9e","item":"https:\/\/bc-it.ch\/fr\/clientele-privee\/"},{"@type":"ListItem","position":2,"name":"D\u00e9claration fiscale"}]},{"@type":"WebSite","@id":"https:\/\/bc-it.ch\/en\/#website","url":"https:\/\/bc-it.ch\/en\/","name":"BC IT AG","description":"Finanz-Beratung","potentialAction":[{"@type":"SearchAction","target":{"@type":"EntryPoint","urlTemplate":"https:\/\/bc-it.ch\/en\/?s={search_term_string}"},"query-input":"required name=search_term_string"}],"inLanguage":"fr-FR"}]}},"_links":{"self":[{"href":"https:\/\/bc-it.ch\/fr\/wp-json\/wp\/v2\/pages\/404"}],"collection":[{"href":"https:\/\/bc-it.ch\/fr\/wp-json\/wp\/v2\/pages"}],"about":[{"href":"https:\/\/bc-it.ch\/fr\/wp-json\/wp\/v2\/types\/page"}],"author":[{"embeddable":true,"href":"https:\/\/bc-it.ch\/fr\/wp-json\/wp\/v2\/users\/1"}],"replies":[{"embeddable":true,"href":"https:\/\/bc-it.ch\/fr\/wp-json\/wp\/v2\/comments?post=404"}],"version-history":[{"count":4,"href":"https:\/\/bc-it.ch\/fr\/wp-json\/wp\/v2\/pages\/404\/revisions"}],"predecessor-version":[{"id":716,"href":"https:\/\/bc-it.ch\/fr\/wp-json\/wp\/v2\/pages\/404\/revisions\/716"}],"up":[{"embeddable":true,"href":"https:\/\/bc-it.ch\/fr\/wp-json\/wp\/v2\/pages\/400"}],"wp:attachment":[{"href":"https:\/\/bc-it.ch\/fr\/wp-json\/wp\/v2\/media?parent=404"}],"curies":[{"name":"wp","href":"https:\/\/api.w.org\/{rel}","templated":true}]}}