{"id":413,"date":"2021-01-28T10:17:12","date_gmt":"2021-01-28T09:17:12","guid":{"rendered":"http:\/\/bcit.cyon.site\/a-propos-de-nous\/stellen\/"},"modified":"2021-03-09T17:21:23","modified_gmt":"2021-03-09T16:21:23","slug":"postes","status":"publish","type":"page","link":"https:\/\/bc-it.ch\/fr\/a-propos-de-nous\/postes\/","title":{"rendered":"Postes"},"content":{"rendered":"<div class=\"vc_row wpb_row vc_row-fluid\">\n<div class=\"wpb_column vc_column_container vc_col-sm-12\">\n<div class=\"vc_column-inner \">\n<div class=\"wpb_wrapper\">\n<h3 class=\"heading-left divider-sm\">Personnel comptable et administratif<\/h3>\n<\/div>\n<\/div>\n<\/div>\n<\/div>\n<div class=\"vc_row wpb_row vc_row-fluid\">\n<div class=\"wpb_column vc_column_container vc_col-sm-8\">\n<div class=\"vc_column-inner \">\n<div class=\"wpb_wrapper\">\n<div class=\"wpb_text_column wpb_content_element vc_custom_1555427224496\">\n<div class=\"wpb_wrapper\">\n<p>BC IT AG est une soci\u00e9t\u00e9 de conseil et de fiducie bien \u00e9tablie dans la r\u00e9gion de B\u00e2le. Nos clients sont principalement des PME de diverses branches de l&rsquo;\u00e9conomie avec un accent sur la restauration collective. Cependant, nous avons \u00e9galement un grand nombre de clients internationaux dans notre portefeuille. Le credo de BC IT est de cr\u00e9er de la valeur ajout\u00e9e pour le client, qui le soutient sur le long terme pour se concentrer sur ses processus de base. Du traitement des comptes fournisseurs aux comptes clients en passant par la gestion du personnel, nous offrons \u00e0 nos clients une vari\u00e9t\u00e9 d&rsquo;options pour les processus secondaires ou globaux \u00e0 nous confier. Cela commence par le traitement des factures sortantes et entrantes, en passant par la r\u00e9servation, jusqu&rsquo;au r\u00e8glement r\u00e9el. En collaboration avec nos clients, nous d\u00e9finissons des processus sp\u00e9cifiques au client qui offrent au client un soulagement maximal.<\/p>\n<p>Pour renforcer notre \u00e9quipe, nous recherchons une initiative et un comptable ind\u00e9pendant. Pour nos clients, vous assumerez des t\u00e2ches dans les domaines des comptes clients, des comptes fournisseurs, des op\u00e9rations de paiement et de la gestion du personnel. De plus, vous soutiendrez la direction dans d&rsquo;autres t\u00e2ches de d\u00e9veloppement commercial et participerez activement au d\u00e9veloppement de projets clients. Vous avez suivi une formation commerciale de base et une affinit\u00e9 pour la comptabilit\u00e9. De plus, vous \u00eates r\u00e9silient et maintenez une vue d&rsquo;ensemble m\u00eame avec des t\u00e2ches plus complexes. Vous accomplirez les t\u00e2ches qui vous sont confi\u00e9es de mani\u00e8re fiable, ponctuelle et ind\u00e9pendante. Vous pouvez facilement communiquer verbalement et par \u00e9crit en allemand et en anglais et id\u00e9alement vous avez une connaissance du fran\u00e7ais. Vous avez une bonne ma\u00eetrise de la compr\u00e9hension, vous trouverez rapidement votre chemin dans un environnement qui vous est nouveau et vous avez une connaissance approfondie de MS Office (notamment Excel et Word), id\u00e9alement vous avez \u00e9galement une connaissance de l&rsquo;utilisation de SAGE Produits de s\u00e9same. De jeunes professionnels talentueux et engag\u00e9s sont \u00e9galement les bienvenus. Nous vous offrons une t\u00e2che vari\u00e9e et la possibilit\u00e9 de vous d\u00e9velopper davantage dans une entreprise prosp\u00e8re.<\/p>\n<\/div>\n<\/div>\n<\/div>\n<\/div>\n<\/div>\n<\/div>\n","protected":false},"excerpt":{"rendered":"<p>Personnel comptable et administratif BC IT AG est une soci\u00e9t\u00e9 de conseil et de fiducie bien \u00e9tablie dans la r\u00e9gion de B\u00e2le. Nos clients sont principalement des PME de diverses branches de l&rsquo;\u00e9conomie avec un accent sur la restauration collective. Cependant, nous avons \u00e9galement un grand nombre de clients internationaux dans notre portefeuille. Le credo [&#8230;]<\/p>\n<p><a class=\"btn btn-secondary bcit-read-more-link\" href=\"https:\/\/bc-it.ch\/fr\/a-propos-de-nous\/postes\/\">Lire la suite&#8230;<\/a><\/p>\n","protected":false},"author":1,"featured_media":0,"parent":309,"menu_order":3,"comment_status":"closed","ping_status":"closed","template":"","meta":{"footnotes":""},"yoast_head":"<!-- This site is optimized with the Yoast SEO plugin v19.9 - https:\/\/yoast.com\/wordpress\/plugins\/seo\/ -->\n<title>Postes - BC IT AG<\/title>\n<meta name=\"robots\" content=\"index, follow, max-snippet:-1, max-image-preview:large, max-video-preview:-1\" \/>\n<link rel=\"canonical\" href=\"https:\/\/bc-it.ch\/fr\/a-propos-de-nous\/postes\/\" \/>\n<meta property=\"og:locale\" content=\"fr_FR\" \/>\n<meta property=\"og:type\" content=\"article\" \/>\n<meta property=\"og:title\" content=\"Postes - BC IT AG\" \/>\n<meta property=\"og:description\" content=\"Personnel comptable et administratif BC IT AG est une soci\u00e9t\u00e9 de conseil et de fiducie bien \u00e9tablie dans la r\u00e9gion de B\u00e2le. Nos clients sont principalement des PME de diverses branches de l&rsquo;\u00e9conomie avec un accent sur la restauration collective. Cependant, nous avons \u00e9galement un grand nombre de clients internationaux dans notre portefeuille. Le credo [...]Lire la suite...\" \/>\n<meta property=\"og:url\" content=\"https:\/\/bc-it.ch\/fr\/a-propos-de-nous\/postes\/\" \/>\n<meta property=\"og:site_name\" content=\"BC IT AG\" \/>\n<meta property=\"article:modified_time\" content=\"2021-03-09T16:21:23+00:00\" \/>\n<meta name=\"twitter:card\" content=\"summary_large_image\" \/>\n<meta name=\"twitter:label1\" content=\"Dur\u00e9e de lecture est.\" \/>\n\t<meta name=\"twitter:data1\" content=\"2 minutes\" \/>\n<script type=\"application\/ld+json\" class=\"yoast-schema-graph\">{\"@context\":\"https:\/\/schema.org\",\"@graph\":[{\"@type\":\"WebPage\",\"@id\":\"https:\/\/bc-it.ch\/fr\/a-propos-de-nous\/postes\/\",\"url\":\"https:\/\/bc-it.ch\/fr\/a-propos-de-nous\/postes\/\",\"name\":\"Postes - BC IT AG\",\"isPartOf\":{\"@id\":\"https:\/\/bc-it.ch\/en\/#website\"},\"datePublished\":\"2021-01-28T09:17:12+00:00\",\"dateModified\":\"2021-03-09T16:21:23+00:00\",\"breadcrumb\":{\"@id\":\"https:\/\/bc-it.ch\/fr\/a-propos-de-nous\/postes\/#breadcrumb\"},\"inLanguage\":\"fr-FR\",\"potentialAction\":[{\"@type\":\"ReadAction\",\"target\":[\"https:\/\/bc-it.ch\/fr\/a-propos-de-nous\/postes\/\"]}]},{\"@type\":\"BreadcrumbList\",\"@id\":\"https:\/\/bc-it.ch\/fr\/a-propos-de-nous\/postes\/#breadcrumb\",\"itemListElement\":[{\"@type\":\"ListItem\",\"position\":1,\"name\":\"\u00c0 propos de nous\",\"item\":\"https:\/\/bc-it.ch\/fr\/a-propos-de-nous\/\"},{\"@type\":\"ListItem\",\"position\":2,\"name\":\"Postes\"}]},{\"@type\":\"WebSite\",\"@id\":\"https:\/\/bc-it.ch\/en\/#website\",\"url\":\"https:\/\/bc-it.ch\/en\/\",\"name\":\"BC IT AG\",\"description\":\"Finanz-Beratung\",\"potentialAction\":[{\"@type\":\"SearchAction\",\"target\":{\"@type\":\"EntryPoint\",\"urlTemplate\":\"https:\/\/bc-it.ch\/en\/?s={search_term_string}\"},\"query-input\":\"required name=search_term_string\"}],\"inLanguage\":\"fr-FR\"}]}<\/script>\n<!-- \/ Yoast SEO plugin. -->","yoast_head_json":{"title":"Postes - BC IT AG","robots":{"index":"index","follow":"follow","max-snippet":"max-snippet:-1","max-image-preview":"max-image-preview:large","max-video-preview":"max-video-preview:-1"},"canonical":"https:\/\/bc-it.ch\/fr\/a-propos-de-nous\/postes\/","og_locale":"fr_FR","og_type":"article","og_title":"Postes - BC IT AG","og_description":"Personnel comptable et administratif BC IT AG est une soci\u00e9t\u00e9 de conseil et de fiducie bien \u00e9tablie dans la r\u00e9gion de B\u00e2le. Nos clients sont principalement des PME de diverses branches de l&rsquo;\u00e9conomie avec un accent sur la restauration collective. Cependant, nous avons \u00e9galement un grand nombre de clients internationaux dans notre portefeuille. Le credo [...]Lire la suite...","og_url":"https:\/\/bc-it.ch\/fr\/a-propos-de-nous\/postes\/","og_site_name":"BC IT AG","article_modified_time":"2021-03-09T16:21:23+00:00","twitter_card":"summary_large_image","twitter_misc":{"Dur\u00e9e de lecture est.":"2 minutes"},"schema":{"@context":"https:\/\/schema.org","@graph":[{"@type":"WebPage","@id":"https:\/\/bc-it.ch\/fr\/a-propos-de-nous\/postes\/","url":"https:\/\/bc-it.ch\/fr\/a-propos-de-nous\/postes\/","name":"Postes - BC IT AG","isPartOf":{"@id":"https:\/\/bc-it.ch\/en\/#website"},"datePublished":"2021-01-28T09:17:12+00:00","dateModified":"2021-03-09T16:21:23+00:00","breadcrumb":{"@id":"https:\/\/bc-it.ch\/fr\/a-propos-de-nous\/postes\/#breadcrumb"},"inLanguage":"fr-FR","potentialAction":[{"@type":"ReadAction","target":["https:\/\/bc-it.ch\/fr\/a-propos-de-nous\/postes\/"]}]},{"@type":"BreadcrumbList","@id":"https:\/\/bc-it.ch\/fr\/a-propos-de-nous\/postes\/#breadcrumb","itemListElement":[{"@type":"ListItem","position":1,"name":"\u00c0 propos de nous","item":"https:\/\/bc-it.ch\/fr\/a-propos-de-nous\/"},{"@type":"ListItem","position":2,"name":"Postes"}]},{"@type":"WebSite","@id":"https:\/\/bc-it.ch\/en\/#website","url":"https:\/\/bc-it.ch\/en\/","name":"BC IT AG","description":"Finanz-Beratung","potentialAction":[{"@type":"SearchAction","target":{"@type":"EntryPoint","urlTemplate":"https:\/\/bc-it.ch\/en\/?s={search_term_string}"},"query-input":"required name=search_term_string"}],"inLanguage":"fr-FR"}]}},"_links":{"self":[{"href":"https:\/\/bc-it.ch\/fr\/wp-json\/wp\/v2\/pages\/413"}],"collection":[{"href":"https:\/\/bc-it.ch\/fr\/wp-json\/wp\/v2\/pages"}],"about":[{"href":"https:\/\/bc-it.ch\/fr\/wp-json\/wp\/v2\/types\/page"}],"author":[{"embeddable":true,"href":"https:\/\/bc-it.ch\/fr\/wp-json\/wp\/v2\/users\/1"}],"replies":[{"embeddable":true,"href":"https:\/\/bc-it.ch\/fr\/wp-json\/wp\/v2\/comments?post=413"}],"version-history":[{"count":3,"href":"https:\/\/bc-it.ch\/fr\/wp-json\/wp\/v2\/pages\/413\/revisions"}],"predecessor-version":[{"id":503,"href":"https:\/\/bc-it.ch\/fr\/wp-json\/wp\/v2\/pages\/413\/revisions\/503"}],"up":[{"embeddable":true,"href":"https:\/\/bc-it.ch\/fr\/wp-json\/wp\/v2\/pages\/309"}],"wp:attachment":[{"href":"https:\/\/bc-it.ch\/fr\/wp-json\/wp\/v2\/media?parent=413"}],"curies":[{"name":"wp","href":"https:\/\/api.w.org\/{rel}","templated":true}]}}