{"id":498,"date":"2021-03-09T17:16:23","date_gmt":"2021-03-09T16:16:23","guid":{"rendered":"http:\/\/bcit.cyon.site\/?page_id=498"},"modified":"2021-03-09T17:16:23","modified_gmt":"2021-03-09T16:16:23","slug":"administration-generale","status":"publish","type":"page","link":"https:\/\/bc-it.ch\/fr\/clientele-daffaires\/administration-generale\/","title":{"rendered":"Administration g\u00e9n\u00e9rale"},"content":{"rendered":"<h3 class=\"heading-left divider-sm\">Administration g\u00e9n\u00e9rale<\/h3>\n<div class=\"wpb_column vc_column_container vc_col-sm-6\">\n<div class=\"vc_column-inner \">\n<div class=\"wpb_wrapper\">\n<div class=\"wpb_text_column wpb_content_element \">\n<div class=\"wpb_wrapper\">\n<p>Nous offrons divers services en administration g\u00e9n\u00e9rale. Nous avons les pr\u00e9requis, les ressources n\u00e9cessaires ainsi que l\u2019exp\u00e9rience pratique et personnelle dans tous les domaines. Nous serions heureux de discuter de vos besoins sp\u00e9cifiques avec vous.<\/p>\n<\/div>\n<\/div>\n<\/div>\n<\/div>\n<\/div>\n<div class=\"wpb_column vc_column_container vc_col-sm-6\">\n<div class=\"vc_column-inner \">\n<div class=\"wpb_wrapper\">\n<h3 class=\"heading-left divider-sm\">Nos services<\/h3>\n<div class=\"wpb_text_column wpb_content_element \">\n<div class=\"wpb_wrapper\">\n<ul>\n<li>Administration successorale \/ ex\u00e9cution des testaments<\/li>\n<li>Organisation et mise en place d&rsquo;assembl\u00e9es g\u00e9n\u00e9rales et de conseils d&rsquo;administration<\/li>\n<li>Prise en charge des mandats d&rsquo;administrateur<\/li>\n<li>Service t\u00e9l\u00e9phonique avec ou sans votre propre num\u00e9ro de t\u00e9l\u00e9phone<\/li>\n<li>Attribution du domicile \/ de l&rsquo;adresse du si\u00e8ge social<\/li>\n<li>Administration des associations, fondations et participation aux conseils de fondation<\/li>\n<li>Services de secretariat<\/li>\n<\/ul>\n<\/div>\n<\/div>\n<\/div>\n<\/div>\n<\/div>\n","protected":false},"excerpt":{"rendered":"<p>Administration g\u00e9n\u00e9rale Nous offrons divers services en administration g\u00e9n\u00e9rale. Nous avons les pr\u00e9requis, les ressources n\u00e9cessaires ainsi que l\u2019exp\u00e9rience pratique et personnelle dans tous les domaines. Nous serions heureux de discuter de vos besoins sp\u00e9cifiques avec vous. Nos services Administration successorale \/ ex\u00e9cution des testaments Organisation et mise en place d&rsquo;assembl\u00e9es g\u00e9n\u00e9rales et de conseils [&#8230;]<\/p>\n<p><a class=\"btn btn-secondary bcit-read-more-link\" href=\"https:\/\/bc-it.ch\/fr\/clientele-daffaires\/administration-generale\/\">Lire la suite&#8230;<\/a><\/p>\n","protected":false},"author":2,"featured_media":0,"parent":377,"menu_order":8,"comment_status":"closed","ping_status":"closed","template":"","meta":{"footnotes":""},"yoast_head":"<!-- This site is optimized with the Yoast SEO plugin v19.9 - https:\/\/yoast.com\/wordpress\/plugins\/seo\/ -->\n<title>Administration g\u00e9n\u00e9rale - BC IT AG<\/title>\n<meta name=\"robots\" content=\"index, follow, max-snippet:-1, max-image-preview:large, max-video-preview:-1\" \/>\n<link rel=\"canonical\" href=\"https:\/\/bc-it.ch\/fr\/clientele-daffaires\/administration-generale\/\" \/>\n<meta property=\"og:locale\" content=\"fr_FR\" \/>\n<meta property=\"og:type\" content=\"article\" \/>\n<meta property=\"og:title\" content=\"Administration g\u00e9n\u00e9rale - BC IT AG\" \/>\n<meta property=\"og:description\" content=\"Administration g\u00e9n\u00e9rale Nous offrons divers services en administration g\u00e9n\u00e9rale. Nous avons les pr\u00e9requis, les ressources n\u00e9cessaires ainsi que l\u2019exp\u00e9rience pratique et personnelle dans tous les domaines. Nous serions heureux de discuter de vos besoins sp\u00e9cifiques avec vous. Nos services Administration successorale \/ ex\u00e9cution des testaments Organisation et mise en place d&rsquo;assembl\u00e9es g\u00e9n\u00e9rales et de conseils [...]Lire la suite...\" \/>\n<meta property=\"og:url\" content=\"https:\/\/bc-it.ch\/fr\/clientele-daffaires\/administration-generale\/\" \/>\n<meta property=\"og:site_name\" content=\"BC IT AG\" \/>\n<meta name=\"twitter:card\" content=\"summary_large_image\" \/>\n<meta name=\"twitter:label1\" content=\"Dur\u00e9e de lecture est.\" \/>\n\t<meta name=\"twitter:data1\" content=\"1 minute\" \/>\n<script type=\"application\/ld+json\" class=\"yoast-schema-graph\">{\"@context\":\"https:\/\/schema.org\",\"@graph\":[{\"@type\":\"WebPage\",\"@id\":\"https:\/\/bc-it.ch\/fr\/clientele-daffaires\/administration-generale\/\",\"url\":\"https:\/\/bc-it.ch\/fr\/clientele-daffaires\/administration-generale\/\",\"name\":\"Administration g\u00e9n\u00e9rale - BC IT AG\",\"isPartOf\":{\"@id\":\"https:\/\/bc-it.ch\/en\/#website\"},\"datePublished\":\"2021-03-09T16:16:23+00:00\",\"dateModified\":\"2021-03-09T16:16:23+00:00\",\"breadcrumb\":{\"@id\":\"https:\/\/bc-it.ch\/fr\/clientele-daffaires\/administration-generale\/#breadcrumb\"},\"inLanguage\":\"fr-FR\",\"potentialAction\":[{\"@type\":\"ReadAction\",\"target\":[\"https:\/\/bc-it.ch\/fr\/clientele-daffaires\/administration-generale\/\"]}]},{\"@type\":\"BreadcrumbList\",\"@id\":\"https:\/\/bc-it.ch\/fr\/clientele-daffaires\/administration-generale\/#breadcrumb\",\"itemListElement\":[{\"@type\":\"ListItem\",\"position\":1,\"name\":\"Client\u00e8le d\u2019affaires\",\"item\":\"https:\/\/bc-it.ch\/fr\/clientele-daffaires\/\"},{\"@type\":\"ListItem\",\"position\":2,\"name\":\"Administration g\u00e9n\u00e9rale\"}]},{\"@type\":\"WebSite\",\"@id\":\"https:\/\/bc-it.ch\/en\/#website\",\"url\":\"https:\/\/bc-it.ch\/en\/\",\"name\":\"BC IT AG\",\"description\":\"Finanz-Beratung\",\"potentialAction\":[{\"@type\":\"SearchAction\",\"target\":{\"@type\":\"EntryPoint\",\"urlTemplate\":\"https:\/\/bc-it.ch\/en\/?s={search_term_string}\"},\"query-input\":\"required name=search_term_string\"}],\"inLanguage\":\"fr-FR\"}]}<\/script>\n<!-- \/ Yoast SEO plugin. -->","yoast_head_json":{"title":"Administration g\u00e9n\u00e9rale - BC IT AG","robots":{"index":"index","follow":"follow","max-snippet":"max-snippet:-1","max-image-preview":"max-image-preview:large","max-video-preview":"max-video-preview:-1"},"canonical":"https:\/\/bc-it.ch\/fr\/clientele-daffaires\/administration-generale\/","og_locale":"fr_FR","og_type":"article","og_title":"Administration g\u00e9n\u00e9rale - BC IT AG","og_description":"Administration g\u00e9n\u00e9rale Nous offrons divers services en administration g\u00e9n\u00e9rale. Nous avons les pr\u00e9requis, les ressources n\u00e9cessaires ainsi que l\u2019exp\u00e9rience pratique et personnelle dans tous les domaines. Nous serions heureux de discuter de vos besoins sp\u00e9cifiques avec vous. Nos services Administration successorale \/ ex\u00e9cution des testaments Organisation et mise en place d&rsquo;assembl\u00e9es g\u00e9n\u00e9rales et de conseils [...]Lire la suite...","og_url":"https:\/\/bc-it.ch\/fr\/clientele-daffaires\/administration-generale\/","og_site_name":"BC IT AG","twitter_card":"summary_large_image","twitter_misc":{"Dur\u00e9e de lecture est.":"1 minute"},"schema":{"@context":"https:\/\/schema.org","@graph":[{"@type":"WebPage","@id":"https:\/\/bc-it.ch\/fr\/clientele-daffaires\/administration-generale\/","url":"https:\/\/bc-it.ch\/fr\/clientele-daffaires\/administration-generale\/","name":"Administration g\u00e9n\u00e9rale - BC IT AG","isPartOf":{"@id":"https:\/\/bc-it.ch\/en\/#website"},"datePublished":"2021-03-09T16:16:23+00:00","dateModified":"2021-03-09T16:16:23+00:00","breadcrumb":{"@id":"https:\/\/bc-it.ch\/fr\/clientele-daffaires\/administration-generale\/#breadcrumb"},"inLanguage":"fr-FR","potentialAction":[{"@type":"ReadAction","target":["https:\/\/bc-it.ch\/fr\/clientele-daffaires\/administration-generale\/"]}]},{"@type":"BreadcrumbList","@id":"https:\/\/bc-it.ch\/fr\/clientele-daffaires\/administration-generale\/#breadcrumb","itemListElement":[{"@type":"ListItem","position":1,"name":"Client\u00e8le d\u2019affaires","item":"https:\/\/bc-it.ch\/fr\/clientele-daffaires\/"},{"@type":"ListItem","position":2,"name":"Administration g\u00e9n\u00e9rale"}]},{"@type":"WebSite","@id":"https:\/\/bc-it.ch\/en\/#website","url":"https:\/\/bc-it.ch\/en\/","name":"BC IT AG","description":"Finanz-Beratung","potentialAction":[{"@type":"SearchAction","target":{"@type":"EntryPoint","urlTemplate":"https:\/\/bc-it.ch\/en\/?s={search_term_string}"},"query-input":"required name=search_term_string"}],"inLanguage":"fr-FR"}]}},"_links":{"self":[{"href":"https:\/\/bc-it.ch\/fr\/wp-json\/wp\/v2\/pages\/498"}],"collection":[{"href":"https:\/\/bc-it.ch\/fr\/wp-json\/wp\/v2\/pages"}],"about":[{"href":"https:\/\/bc-it.ch\/fr\/wp-json\/wp\/v2\/types\/page"}],"author":[{"embeddable":true,"href":"https:\/\/bc-it.ch\/fr\/wp-json\/wp\/v2\/users\/2"}],"replies":[{"embeddable":true,"href":"https:\/\/bc-it.ch\/fr\/wp-json\/wp\/v2\/comments?post=498"}],"version-history":[{"count":1,"href":"https:\/\/bc-it.ch\/fr\/wp-json\/wp\/v2\/pages\/498\/revisions"}],"predecessor-version":[{"id":499,"href":"https:\/\/bc-it.ch\/fr\/wp-json\/wp\/v2\/pages\/498\/revisions\/499"}],"up":[{"embeddable":true,"href":"https:\/\/bc-it.ch\/fr\/wp-json\/wp\/v2\/pages\/377"}],"wp:attachment":[{"href":"https:\/\/bc-it.ch\/fr\/wp-json\/wp\/v2\/media?parent=498"}],"curies":[{"name":"wp","href":"https:\/\/api.w.org\/{rel}","templated":true}]}}